{"id":2267,"date":"2011-09-21T19:50:34","date_gmt":"2011-09-22T02:50:34","guid":{"rendered":"https:\/\/josefrancisco-lawyers.com\/abogado-de-accidentes-de-construccion-en-miami\/"},"modified":"2024-09-10T08:58:02","modified_gmt":"2024-09-10T15:58:02","slug":"abogado-de-accidentes-de-construccion-en-miami","status":"publish","type":"page","link":"https:\/\/josefrancisco-lawyers.com\/es\/abogado-de-accidentes-de-construccion-en-miami\/","title":{"rendered":"Abogado de Accidentes de Construcci\u00f3n en Miami"},"content":{"rendered":"<h1><span lang=\"es\">Abogado de accidente de construcci\u00f3n en Miami<\/span><\/h1>\n<p><span lang=\"es\">Cada a\u00f1o, m\u00e1s trabajadores de la construcci\u00f3n mueren por accidentes laborales que los trabajadores en cualquier otra industria.\u00a0<\/span><span lang=\"es\">Construcci\u00f3n tiene la tercera mayor tasa de muerte por lesi\u00f3n, s\u00f3lo tasas m\u00e1s altas de experiencia de miner\u00eda y la agricultura.\u00a0<\/span><span lang=\"es\">Construcci\u00f3n tiene aproximadamente el 6% de los trabajadores de U.S., pero 20% de las muertes.\u00a0<\/span><span lang=\"es\">En un accidente de construcci\u00f3n, muchos partidos pueden ser responsables por el pago de da\u00f1os y perjuicios al trabajador lesionado.\u00a0<\/span><span lang=\"es\">Adem\u00e1s de beneficios de compensaci\u00f3n de trabajadores, podr\u00eda tambi\u00e9n haber un pleito de negligencia contra una corporaci\u00f3n responsable del accidente.\u00a0<\/span><span lang=\"es\">Adem\u00e1s, tambi\u00e9n podr\u00eda ser una acci\u00f3n de responsabilidad de productos que podr\u00eda estar disponible para el trabajador lesionado.\u00a0<\/span><span lang=\"es\">Por eso es importante encontrar un experimentado abogado de accidente de construcci\u00f3n de Miami.<\/span><\/p>\n<p><span lang=\"es\">Su empleador debe garantizar su seguridad en un d\u00eda a d\u00eda en el trabajo.\u00a0<\/span><span lang=\"es\">Est\u00e1n obligados por ley a tener programas de seguridad y salud en el lugar y a entrenar adecuadamente empleados en procedimientos de seguridad y uso adecuado de los equipos.\u00a0<\/span><span lang=\"es\">A menudo, accidentes en la construcci\u00f3n podr\u00eda haberse evitado si las salvaguardias adecuadas se pusieron en marcha.\u00a0<\/span><span lang=\"es\">De las aproximadamente 600.000 empresas constructoras en Estados Unidos que emplean a menos de 20 trabajadores, s\u00f3lo un pu\u00f1ado de estas empresas tienen programas formales de seguridad y salud.<\/span><\/p>\n<h2><span lang=\"es\">Habitualmente se violan las normas de seguridad de OSHA.<\/span><\/h2>\n<p><span lang=\"es\">Estad\u00edsticas de la seguridad y la administraci\u00f3n de salud (OSHA) informan que cerca del 90% de las muertes se producen de cuatro tipos principales de lesiones: ca\u00eddas en altura, (tales como andamios o escaleras), siendo golpeado por objetos, siendo atrapados entre objetos y electrocuci\u00f3n.\u00a0<\/span><span lang=\"es\">Todav\u00eda est\u00e1n heridos de herramientas el\u00e9ctricas y equipos, maquinaria pesada, excavaciones y espacios confinados.<\/span><\/p>\n<p><span lang=\"es\">Aqu\u00ed son s\u00f3lo algunos de los posibles problemas que pueden conducir a un traje de negligencia.<\/span><\/p>\n<ul>\n<li><span lang=\"es\">Cataratas de sitio de construcci\u00f3n<\/span><\/li>\n<li>Accidente de gr\u00faa<\/li>\n<li>Accidentes de andamios<\/li>\n<li>Ejecutar-Over operando equipos<\/li>\n<li>Accidentes el\u00e9ctricos<\/li>\n<li>Colapsos de trinchera<\/li>\n<li>Incendios y explosiones<\/li>\n<li>Accidentes de soldadura<\/li>\n<li>Inseguros y peligrosos accidentes de equipo<\/li>\n<li>Registro de accidentes<\/li>\n<li>Accidentes de soldadura<\/li>\n<li>Accidentes de corte<\/li>\n<li>Accidentes de elevador<\/li>\n<li>Fallo de estructura<\/li>\n<li>Colapso de edificio<\/li>\n<li>Negligencia de supervisor<\/li>\n<li>Punzonadora disfunciones<\/li>\n<li>Accidentes de elevador de horquilla<\/li>\n<li>Accidentes de contenedor<\/li>\n<li>Nailgun accidentes<\/li>\n<li>Accidentes de compresor<\/li>\n<li>Explosi\u00f3n de compresor<\/li>\n<li>Explosiones de gas<\/li>\n<\/ul>\n<p><span lang=\"es\">Si usted ha sido lastimado en el trabajo, no asuma que no tienen ning\u00fan derecho porque no eres un residente legal de Estados Unidos o que est\u00e1 trabajando aqu\u00ed como un extranjero ilegal \u2013 todav\u00eda tienes derechos y estamos aqu\u00ed para proteger esos derechos.\u00a0<\/span><span lang=\"es\">Si bien es posible que no pueda presentar una reclamaci\u00f3n de compensaci\u00f3n del trabajador, a\u00fan puede tener derecho a presentar una reclamaci\u00f3n de negligencia.\u00a0<\/span><span lang=\"es\">Pero no demora, hay limitaciones para presentar una reclamaci\u00f3n de tiempo \u2013 llamar a un abogado tan pronto como sea posible.<\/span><\/p>\n<p><span lang=\"es\">Si la actuaci\u00f3n negligente de una tercera parte han dejado lesionado, contacto la ley oficinas de Jose Francisco, para un abogado de accidente de construcci\u00f3n que luchar\u00e1 por su derecho a recuperar una indemnizaci\u00f3n justa por su p\u00e9rdida.<\/span><\/p>\n<p>&nbsp;<\/p>\n<p><strong>Art\u00edculos Recomendados:<\/strong><\/p>\n<p><a class=\"sc-cBIjbw bLUVIX\" href=\"https:\/\/josefrancisco-lawyers.com\/es\/abogados-de-accidentes-de-construccion-en-hialeah\/\" target=\"_blank\" rel=\"noopener\">Abogados de Accidentes de Construcci\u00f3n en Hialeah<\/a><\/p>\n<p><a class=\"sc-cBIjbw bLUVIX\" href=\"https:\/\/josefrancisco-lawyers.com\/blog\/what-are-the-major-causes-of-construction-accidents-in-florida\/\" target=\"_blank\" rel=\"noopener\">\u00bfCu\u00e1les son las principales causas de accidentes de construcci\u00f3n en Florida?<\/a><\/p>\n<p><a class=\"sc-cBIjbw bLUVIX\" href=\"https:\/\/josefrancisco-lawyers.com\/es\/blog\/quien-puede-hacer-una-demanda-en-un-accidente-de-construccion-en-florida\/\" target=\"_blank\" rel=\"noopener\">\u00bfQui\u00e9n Puede Hacer una Demanda en un Accidente de Construcci\u00f3n en Florida?<\/a><\/p>\n<p><a class=\"sc-cBIjbw bLUVIX\" href=\"https:\/\/josefrancisco-lawyers.com\/es\/blog\/los-trabajos-de-construccion-mas-peligrosos-en-miami-florida\/\" target=\"_blank\" rel=\"noopener\">Los trabajos de construcci\u00f3n m\u00e1s peligrosos en Miami, Florida<\/a><\/p>\n<p><a class=\"sc-cBIjbw bLUVIX\" href=\"https:\/\/josefrancisco-lawyers.com\/es\/blog\/los-peligros-ocultos-de-los-productos-defectuosos-en-las-obras-de-construccion-en-miami\/\" target=\"_blank\" rel=\"noopener\">Los Peligros Ocultos de los Productos Defectuosos en las Obras de Construcci\u00f3n en Miami<\/a><\/p>\n","protected":false},"excerpt":{"rendered":"<p>Abogado de accidente de construcci\u00f3n en Miami Cada a\u00f1o, m\u00e1s trabajadores de la construcci\u00f3n mueren por accidentes laborales que los trabajadores en cualquier otra industria.\u00a0Construcci\u00f3n tiene la tercera mayor tasa de muerte por lesi\u00f3n, s\u00f3lo tasas m\u00e1s altas de experiencia de miner\u00eda y la agricultura.\u00a0Construcci\u00f3n tiene aproximadamente el 6% de los trabajadores de U.S., pero&#8230;<\/p>\n","protected":false},"author":1,"featured_media":2603,"parent":0,"menu_order":16,"comment_status":"closed","ping_status":"closed","template":"","meta":{"footnotes":""},"class_list":["post-2267","page","type-page","status-publish","has-post-thumbnail","hentry"],"yoast_head":"<!-- This site is optimized with the Yoast SEO Premium plugin v27.5 (Yoast SEO v27.5) - https:\/\/yoast.com\/product\/yoast-seo-premium-wordpress\/ -->\n<title>Abogado de Accidentes de Construcci\u00f3n en Miami | Jose M. Francisco<\/title>\n<meta name=\"description\" content=\"Si la actuaci\u00f3n negligente de una tercera parte han dejado lesionado, contacto la ley oficinas de Jose Francisco, para un abogado de accidente de construcci\u00f3n que luchar\u00e1 por su derecho a recuperar una indemnizaci\u00f3n justa por su p\u00e9rdida.\" \/>\n<meta name=\"robots\" content=\"index, follow, max-snippet:-1, max-image-preview:large, max-video-preview:-1\" \/>\n<link rel=\"canonical\" href=\"https:\/\/josefrancisco-lawyers.com\/es\/abogado-de-accidentes-de-construccion-en-miami\/\" \/>\n<meta property=\"og:locale\" content=\"es_ES\" \/>\n<meta property=\"og:type\" content=\"article\" \/>\n<meta property=\"og:title\" content=\"Abogado de Accidentes de Construcci\u00f3n en Miami\" \/>\n<meta property=\"og:description\" content=\"Si la actuaci\u00f3n negligente de una tercera parte han dejado lesionado, contacto la ley oficinas de Jose Francisco, para un abogado de accidente de construcci\u00f3n que luchar\u00e1 por su derecho a recuperar una indemnizaci\u00f3n justa por su p\u00e9rdida.\" \/>\n<meta property=\"og:url\" content=\"https:\/\/josefrancisco-lawyers.com\/es\/abogado-de-accidentes-de-construccion-en-miami\/\" \/>\n<meta property=\"og:site_name\" content=\"Jose M. Francisco\" \/>\n<meta property=\"article:publisher\" content=\"https:\/\/www.facebook.com\/JoseFranciscoAttorney\" \/>\n<meta property=\"article:modified_time\" content=\"2024-09-10T15:58:02+00:00\" \/>\n<meta property=\"og:image\" content=\"https:\/\/josefrancisco-lawyers.com\/wp-content\/uploads\/2023\/08\/jose-francisco.jpg\" \/>\n\t<meta property=\"og:image:width\" content=\"500\" \/>\n\t<meta property=\"og:image:height\" content=\"555\" \/>\n\t<meta property=\"og:image:type\" content=\"image\/jpeg\" \/>\n<meta name=\"twitter:card\" content=\"summary_large_image\" \/>\n<meta name=\"twitter:label1\" content=\"Tiempo de lectura\" \/>\n\t<meta name=\"twitter:data1\" content=\"3 minutos\" \/>\n<script type=\"application\/ld+json\" class=\"yoast-schema-graph\">{\"@context\":\"https:\\\/\\\/schema.org\",\"@graph\":[{\"@type\":\"WebPage\",\"@id\":\"https:\\\/\\\/josefrancisco-lawyers.com\\\/es\\\/abogado-de-accidentes-de-construccion-en-miami\\\/\",\"url\":\"https:\\\/\\\/josefrancisco-lawyers.com\\\/es\\\/abogado-de-accidentes-de-construccion-en-miami\\\/\",\"name\":\"Abogado de Accidentes de Construcci\u00f3n en Miami | Jose M. Francisco\",\"isPartOf\":{\"@id\":\"https:\\\/\\\/josefrancisco-lawyers.com\\\/es\\\/#website\"},\"primaryImageOfPage\":{\"@id\":\"https:\\\/\\\/josefrancisco-lawyers.com\\\/es\\\/abogado-de-accidentes-de-construccion-en-miami\\\/#primaryimage\"},\"image\":{\"@id\":\"https:\\\/\\\/josefrancisco-lawyers.com\\\/es\\\/abogado-de-accidentes-de-construccion-en-miami\\\/#primaryimage\"},\"thumbnailUrl\":\"https:\\\/\\\/josefrancisco-lawyers.com\\\/wp-content\\\/uploads\\\/2023\\\/08\\\/jose-francisco.jpg\",\"datePublished\":\"2011-09-22T02:50:34+00:00\",\"dateModified\":\"2024-09-10T15:58:02+00:00\",\"description\":\"Si la actuaci\u00f3n negligente de una tercera parte han dejado lesionado, contacto la ley oficinas de Jose Francisco, para un abogado de accidente de construcci\u00f3n que luchar\u00e1 por su derecho a recuperar una indemnizaci\u00f3n justa por su p\u00e9rdida.\",\"breadcrumb\":{\"@id\":\"https:\\\/\\\/josefrancisco-lawyers.com\\\/es\\\/abogado-de-accidentes-de-construccion-en-miami\\\/#breadcrumb\"},\"inLanguage\":\"es\",\"potentialAction\":[{\"@type\":\"ReadAction\",\"target\":[\"https:\\\/\\\/josefrancisco-lawyers.com\\\/es\\\/abogado-de-accidentes-de-construccion-en-miami\\\/\"]}]},{\"@type\":\"ImageObject\",\"inLanguage\":\"es\",\"@id\":\"https:\\\/\\\/josefrancisco-lawyers.com\\\/es\\\/abogado-de-accidentes-de-construccion-en-miami\\\/#primaryimage\",\"url\":\"https:\\\/\\\/josefrancisco-lawyers.com\\\/wp-content\\\/uploads\\\/2023\\\/08\\\/jose-francisco.jpg\",\"contentUrl\":\"https:\\\/\\\/josefrancisco-lawyers.com\\\/wp-content\\\/uploads\\\/2023\\\/08\\\/jose-francisco.jpg\",\"width\":500,\"height\":555,\"caption\":\"Miami Personal Injury Attorney, Jose M. Francisco\"},{\"@type\":\"BreadcrumbList\",\"@id\":\"https:\\\/\\\/josefrancisco-lawyers.com\\\/es\\\/abogado-de-accidentes-de-construccion-en-miami\\\/#breadcrumb\",\"itemListElement\":[{\"@type\":\"ListItem\",\"position\":1,\"name\":\"Home\",\"item\":\"https:\\\/\\\/josefrancisco-lawyers.com\\\/es\\\/\"},{\"@type\":\"ListItem\",\"position\":2,\"name\":\"Abogado de Accidentes de Construcci\u00f3n en Miami\"}]},{\"@type\":\"WebSite\",\"@id\":\"https:\\\/\\\/josefrancisco-lawyers.com\\\/es\\\/#website\",\"url\":\"https:\\\/\\\/josefrancisco-lawyers.com\\\/es\\\/\",\"name\":\"Miami Personal Injury Lawyers | Jose M. Francisco\",\"description\":\"\",\"publisher\":{\"@id\":\"https:\\\/\\\/josefrancisco-lawyers.com\\\/es\\\/#organization\"},\"potentialAction\":[{\"@type\":\"SearchAction\",\"target\":{\"@type\":\"EntryPoint\",\"urlTemplate\":\"https:\\\/\\\/josefrancisco-lawyers.com\\\/es\\\/?s={search_term_string}\"},\"query-input\":{\"@type\":\"PropertyValueSpecification\",\"valueRequired\":true,\"valueName\":\"search_term_string\"}}],\"inLanguage\":\"es\"},{\"@type\":[\"Organization\",\"Place\"],\"@id\":\"https:\\\/\\\/josefrancisco-lawyers.com\\\/es\\\/#organization\",\"name\":\"The Law Offices of Jose M. Francisco\",\"url\":\"https:\\\/\\\/josefrancisco-lawyers.com\\\/es\\\/\",\"logo\":{\"@id\":\"https:\\\/\\\/josefrancisco-lawyers.com\\\/es\\\/abogado-de-accidentes-de-construccion-en-miami\\\/#local-main-organization-logo\"},\"image\":{\"@id\":\"https:\\\/\\\/josefrancisco-lawyers.com\\\/es\\\/abogado-de-accidentes-de-construccion-en-miami\\\/#local-main-organization-logo\"},\"sameAs\":[\"https:\\\/\\\/www.facebook.com\\\/JoseFranciscoAttorney\",\"https:\\\/\\\/www.youtube.com\\\/@lawofficesofjosefrancisco\"],\"description\":\"Accident attorneys serving Miami, Hialeah, Broward, and Palm Beach, Florida\",\"legalName\":\"Law Offices of Jose M. Francisco\",\"foundingDate\":\"1991-01-01\",\"numberOfEmployees\":{\"@type\":\"QuantitativeValue\",\"minValue\":\"1\",\"maxValue\":\"10\"},\"address\":{\"@id\":\"https:\\\/\\\/josefrancisco-lawyers.com\\\/es\\\/abogado-de-accidentes-de-construccion-en-miami\\\/#local-main-place-address\"},\"geo\":{\"@type\":\"GeoCoordinates\",\"latitude\":\"25.7690857\",\"longitude\":\"-80.3380914\"},\"telephone\":[\"305-649-5060\",\"954-649-5060\"],\"openingHoursSpecification\":{\"@type\":\"OpeningHoursSpecification\",\"dayOfWeek\":[\"Monday\",\"Tuesday\",\"Wednesday\",\"Thursday\",\"Friday\",\"Saturday\",\"Sunday\"],\"opens\":\"00:00\",\"closes\":\"23:59\"},\"areaServed\":\"Miami, Hialeah, Homestead, Broward, Doral, Palm Beach\"},{\"@type\":\"PostalAddress\",\"@id\":\"https:\\\/\\\/josefrancisco-lawyers.com\\\/es\\\/abogado-de-accidentes-de-construccion-en-miami\\\/#local-main-place-address\",\"streetAddress\":\"8660 W. Flagler Street, Suite 100\",\"addressLocality\":\"Miami\",\"postalCode\":\"33144\",\"addressRegion\":\"Florida\",\"addressCountry\":\"US\"},{\"@type\":\"ImageObject\",\"inLanguage\":\"es\",\"@id\":\"https:\\\/\\\/josefrancisco-lawyers.com\\\/es\\\/abogado-de-accidentes-de-construccion-en-miami\\\/#local-main-organization-logo\",\"url\":\"https:\\\/\\\/josefrancisco-lawyers.com\\\/wp-content\\\/uploads\\\/2024\\\/11\\\/Jose-Francisco.jpg\",\"contentUrl\":\"https:\\\/\\\/josefrancisco-lawyers.com\\\/wp-content\\\/uploads\\\/2024\\\/11\\\/Jose-Francisco.jpg\",\"width\":500,\"height\":568,\"caption\":\"The Law Offices of Jose M. Francisco\"}]}<\/script>\n<meta name=\"geo.placename\" content=\"Miami\" \/>\n<meta name=\"geo.position\" content=\"25.7690857;-80.3380914\" \/>\n<meta name=\"geo.region\" content=\"Estados Unidos (EEUU)\" \/>\n<!-- \/ Yoast SEO Premium plugin. -->","yoast_head_json":{"title":"Abogado de Accidentes de Construcci\u00f3n en Miami | Jose M. Francisco","description":"Si la actuaci\u00f3n negligente de una tercera parte han dejado lesionado, contacto la ley oficinas de Jose Francisco, para un abogado de accidente de construcci\u00f3n que luchar\u00e1 por su derecho a recuperar una indemnizaci\u00f3n justa por su p\u00e9rdida.","robots":{"index":"index","follow":"follow","max-snippet":"max-snippet:-1","max-image-preview":"max-image-preview:large","max-video-preview":"max-video-preview:-1"},"canonical":"https:\/\/josefrancisco-lawyers.com\/es\/abogado-de-accidentes-de-construccion-en-miami\/","og_locale":"es_ES","og_type":"article","og_title":"Abogado de Accidentes de Construcci\u00f3n en Miami","og_description":"Si la actuaci\u00f3n negligente de una tercera parte han dejado lesionado, contacto la ley oficinas de Jose Francisco, para un abogado de accidente de construcci\u00f3n que luchar\u00e1 por su derecho a recuperar una indemnizaci\u00f3n justa por su p\u00e9rdida.","og_url":"https:\/\/josefrancisco-lawyers.com\/es\/abogado-de-accidentes-de-construccion-en-miami\/","og_site_name":"Jose M. Francisco","article_publisher":"https:\/\/www.facebook.com\/JoseFranciscoAttorney","article_modified_time":"2024-09-10T15:58:02+00:00","og_image":[{"width":500,"height":555,"url":"https:\/\/josefrancisco-lawyers.com\/wp-content\/uploads\/2023\/08\/jose-francisco.jpg","type":"image\/jpeg"}],"twitter_card":"summary_large_image","twitter_misc":{"Tiempo de lectura":"3 minutos"},"schema":{"@context":"https:\/\/schema.org","@graph":[{"@type":"WebPage","@id":"https:\/\/josefrancisco-lawyers.com\/es\/abogado-de-accidentes-de-construccion-en-miami\/","url":"https:\/\/josefrancisco-lawyers.com\/es\/abogado-de-accidentes-de-construccion-en-miami\/","name":"Abogado de Accidentes de Construcci\u00f3n en Miami | Jose M. Francisco","isPartOf":{"@id":"https:\/\/josefrancisco-lawyers.com\/es\/#website"},"primaryImageOfPage":{"@id":"https:\/\/josefrancisco-lawyers.com\/es\/abogado-de-accidentes-de-construccion-en-miami\/#primaryimage"},"image":{"@id":"https:\/\/josefrancisco-lawyers.com\/es\/abogado-de-accidentes-de-construccion-en-miami\/#primaryimage"},"thumbnailUrl":"https:\/\/josefrancisco-lawyers.com\/wp-content\/uploads\/2023\/08\/jose-francisco.jpg","datePublished":"2011-09-22T02:50:34+00:00","dateModified":"2024-09-10T15:58:02+00:00","description":"Si la actuaci\u00f3n negligente de una tercera parte han dejado lesionado, contacto la ley oficinas de Jose Francisco, para un abogado de accidente de construcci\u00f3n que luchar\u00e1 por su derecho a recuperar una indemnizaci\u00f3n justa por su p\u00e9rdida.","breadcrumb":{"@id":"https:\/\/josefrancisco-lawyers.com\/es\/abogado-de-accidentes-de-construccion-en-miami\/#breadcrumb"},"inLanguage":"es","potentialAction":[{"@type":"ReadAction","target":["https:\/\/josefrancisco-lawyers.com\/es\/abogado-de-accidentes-de-construccion-en-miami\/"]}]},{"@type":"ImageObject","inLanguage":"es","@id":"https:\/\/josefrancisco-lawyers.com\/es\/abogado-de-accidentes-de-construccion-en-miami\/#primaryimage","url":"https:\/\/josefrancisco-lawyers.com\/wp-content\/uploads\/2023\/08\/jose-francisco.jpg","contentUrl":"https:\/\/josefrancisco-lawyers.com\/wp-content\/uploads\/2023\/08\/jose-francisco.jpg","width":500,"height":555,"caption":"Miami Personal Injury Attorney, Jose M. Francisco"},{"@type":"BreadcrumbList","@id":"https:\/\/josefrancisco-lawyers.com\/es\/abogado-de-accidentes-de-construccion-en-miami\/#breadcrumb","itemListElement":[{"@type":"ListItem","position":1,"name":"Home","item":"https:\/\/josefrancisco-lawyers.com\/es\/"},{"@type":"ListItem","position":2,"name":"Abogado de Accidentes de Construcci\u00f3n en Miami"}]},{"@type":"WebSite","@id":"https:\/\/josefrancisco-lawyers.com\/es\/#website","url":"https:\/\/josefrancisco-lawyers.com\/es\/","name":"Miami Personal Injury Lawyers | Jose M. Francisco","description":"","publisher":{"@id":"https:\/\/josefrancisco-lawyers.com\/es\/#organization"},"potentialAction":[{"@type":"SearchAction","target":{"@type":"EntryPoint","urlTemplate":"https:\/\/josefrancisco-lawyers.com\/es\/?s={search_term_string}"},"query-input":{"@type":"PropertyValueSpecification","valueRequired":true,"valueName":"search_term_string"}}],"inLanguage":"es"},{"@type":["Organization","Place"],"@id":"https:\/\/josefrancisco-lawyers.com\/es\/#organization","name":"The Law Offices of Jose M. Francisco","url":"https:\/\/josefrancisco-lawyers.com\/es\/","logo":{"@id":"https:\/\/josefrancisco-lawyers.com\/es\/abogado-de-accidentes-de-construccion-en-miami\/#local-main-organization-logo"},"image":{"@id":"https:\/\/josefrancisco-lawyers.com\/es\/abogado-de-accidentes-de-construccion-en-miami\/#local-main-organization-logo"},"sameAs":["https:\/\/www.facebook.com\/JoseFranciscoAttorney","https:\/\/www.youtube.com\/@lawofficesofjosefrancisco"],"description":"Accident attorneys serving Miami, Hialeah, Broward, and Palm Beach, Florida","legalName":"Law Offices of Jose M. Francisco","foundingDate":"1991-01-01","numberOfEmployees":{"@type":"QuantitativeValue","minValue":"1","maxValue":"10"},"address":{"@id":"https:\/\/josefrancisco-lawyers.com\/es\/abogado-de-accidentes-de-construccion-en-miami\/#local-main-place-address"},"geo":{"@type":"GeoCoordinates","latitude":"25.7690857","longitude":"-80.3380914"},"telephone":["305-649-5060","954-649-5060"],"openingHoursSpecification":{"@type":"OpeningHoursSpecification","dayOfWeek":["Monday","Tuesday","Wednesday","Thursday","Friday","Saturday","Sunday"],"opens":"00:00","closes":"23:59"},"areaServed":"Miami, Hialeah, Homestead, Broward, Doral, Palm Beach"},{"@type":"PostalAddress","@id":"https:\/\/josefrancisco-lawyers.com\/es\/abogado-de-accidentes-de-construccion-en-miami\/#local-main-place-address","streetAddress":"8660 W. Flagler Street, Suite 100","addressLocality":"Miami","postalCode":"33144","addressRegion":"Florida","addressCountry":"US"},{"@type":"ImageObject","inLanguage":"es","@id":"https:\/\/josefrancisco-lawyers.com\/es\/abogado-de-accidentes-de-construccion-en-miami\/#local-main-organization-logo","url":"https:\/\/josefrancisco-lawyers.com\/wp-content\/uploads\/2024\/11\/Jose-Francisco.jpg","contentUrl":"https:\/\/josefrancisco-lawyers.com\/wp-content\/uploads\/2024\/11\/Jose-Francisco.jpg","width":500,"height":568,"caption":"The Law Offices of Jose M. Francisco"}]},"geo.placename":"Miami","geo.position":{"lat":"25.7690857","long":"-80.3380914"},"geo.region":"Estados Unidos (EEUU)"},"_links":{"self":[{"href":"https:\/\/josefrancisco-lawyers.com\/es\/wp-json\/wp\/v2\/pages\/2267","targetHints":{"allow":["GET"]}}],"collection":[{"href":"https:\/\/josefrancisco-lawyers.com\/es\/wp-json\/wp\/v2\/pages"}],"about":[{"href":"https:\/\/josefrancisco-lawyers.com\/es\/wp-json\/wp\/v2\/types\/page"}],"author":[{"embeddable":true,"href":"https:\/\/josefrancisco-lawyers.com\/es\/wp-json\/wp\/v2\/users\/1"}],"replies":[{"embeddable":true,"href":"https:\/\/josefrancisco-lawyers.com\/es\/wp-json\/wp\/v2\/comments?post=2267"}],"version-history":[{"count":0,"href":"https:\/\/josefrancisco-lawyers.com\/es\/wp-json\/wp\/v2\/pages\/2267\/revisions"}],"wp:featuredmedia":[{"embeddable":true,"href":"https:\/\/josefrancisco-lawyers.com\/es\/wp-json\/wp\/v2\/media\/2603"}],"wp:attachment":[{"href":"https:\/\/josefrancisco-lawyers.com\/es\/wp-json\/wp\/v2\/media?parent=2267"}],"curies":[{"name":"wp","href":"https:\/\/api.w.org\/{rel}","templated":true}]}}