{"id":2631,"date":"2023-08-03T13:35:04","date_gmt":"2023-08-03T20:35:04","guid":{"rendered":"https:\/\/josefrancisco-lawyers.com\/abogado-de-accidentes-de-motocicleta-en-miami\/"},"modified":"2026-04-13T07:10:22","modified_gmt":"2026-04-13T14:10:22","slug":"abogado-de-accidentes-de-motocicleta-en-miami","status":"publish","type":"page","link":"https:\/\/josefrancisco-lawyers.com\/es\/abogado-de-accidentes-de-motocicleta-en-miami\/","title":{"rendered":"Abogado de accidentes de motocicleta en Miami"},"content":{"rendered":"<section class=\"l-section wpb_row us_custom_ac8d031e hide_on_mobiles height_medium\"><div class=\"l-section-h i-cf\"><div class=\"g-cols vc_row via_grid cols_1 laptops-cols_inherit tablets-cols_inherit mobiles-cols_1 valign_top type_default stacking_default\"><div class=\"wpb_column vc_column_container\"><div class=\"vc_column-inner\"><\/div><\/div><\/div><\/div><\/section><section class=\"l-section wpb_row height_auto width_full\"><div class=\"l-section-h i-cf\"><div class=\"g-cols vc_row via_grid cols_1 laptops-cols_inherit tablets-cols_inherit mobiles-cols_1 valign_top type_default stacking_default\"><div class=\"wpb_column vc_column_container us_custom_5911680c\"><div class=\"vc_column-inner\"><section class=\"l-section wpb_row us_custom_5a483829 height_medium\"><div class=\"l-section-h i-cf\"><div class=\"g-cols vc_row via_grid cols_4 laptops-cols_inherit tablets-cols_inherit mobiles-cols_2 valign_top type_default stacking_default\"><div class=\"wpb_column vc_column_container\"><div class=\"vc_column-inner\"><div class=\"wpb_text_column\"><div class=\"wpb_wrapper\"><p style=\"text-align: center;\"><span style=\"color: #ffffff;\"><strong>$2.1 Million<\/strong><\/span><br \/>\n<span style=\"color: #ffffff;\">Mon\u00f3xido de Carbono<\/span><\/p>\n<\/div><\/div><\/div><\/div><div class=\"wpb_column vc_column_container\"><div class=\"vc_column-inner\"><div class=\"wpb_text_column\"><div class=\"wpb_wrapper\"><p style=\"text-align: center;\"><span style=\"color: #ffffff;\"><strong>$1.75 Million<\/strong><\/span><br \/>\n<span style=\"color: #ffffff;\">Ataque Criminal<\/span><\/p>\n<\/div><\/div><\/div><\/div><div class=\"wpb_column vc_column_container\"><div class=\"vc_column-inner\"><div class=\"wpb_text_column\"><div class=\"wpb_wrapper\"><p style=\"text-align: center;\"><span style=\"color: #ffffff;\"><strong>$1.05 Million<\/strong><\/span><br \/>\n<span style=\"color: #ffffff;\">Electrocuci\u00f3n<\/span><\/p>\n<\/div><\/div><\/div><\/div><div class=\"wpb_column vc_column_container\"><div class=\"vc_column-inner\"><div class=\"wpb_text_column\"><div class=\"wpb_wrapper\"><p style=\"text-align: center;\"><span style=\"color: #ffffff;\"><strong>$1 Million<\/strong><\/span><br \/>\n<span style=\"color: #ffffff;\">V\u00edctima de Attaque<\/span><\/p>\n<\/div><\/div><\/div><\/div><\/div><\/div><\/section>\n<\/div><\/div><\/div><\/div><\/section><section class=\"l-section wpb_row height_auto width_full\"><div class=\"l-section-h i-cf\"><div class=\"g-cols vc_row via_grid cols_3-1 laptops-cols_3-1 tablets-cols_2 mobiles-cols_1 valign_top type_default reversed\" style=\"--columns-gap:0rem;\"><div class=\"wpb_column vc_column_container us_custom_73f3c780 has_bg_color\"><div class=\"vc_column-inner\"><div class=\"wpb_text_column\"><div class=\"wpb_wrapper\"><div class=\"wpb_text_column\">\n<div class=\"wpb_wrapper\">\n<h1><b>Abogado de Accidentes de Motocicleta en Miami<\/b><\/h1>\n<p>Los motociclistas en Miami enfrentan riesgos \u00fanicos. El tr\u00e1fico intenso, conductores distra\u00eddos y condiciones imprevisibles aumentan significativamente las probabilidades de accidentes graves. Cuando ocurre un accidente, las lesiones pueden ser serias y el tiempo para actuar es limitado. La primera excusa del otro conductor casi siempre es: \u201cNo lo vi\u201d, pero la ley protege sus derechos y su seguridad.<\/p>\n<p>En las Oficinas Legales de Jos\u00e9 M. Francisco, entendemos los desaf\u00edos de los motociclistas. Nuestro equipo se especializa en luchar contra la negligencia de otros conductores y asegurar que los motociclistas lesionados reciban la compensaci\u00f3n que merecen. Contratar un abogado experto puede marcar la diferencia entre aceptar un acuerdo injusto y obtener la indemnizaci\u00f3n completa que cubra todos sus da\u00f1os. <a href=\"https:\/\/josefrancisco-lawyers.com\/miami-motorcycle-accident-attorneys\/\">abogados de accidentes de motocicleta en Miami<\/a><\/p>\n<p>Ll\u00e1menos hoy para una consulta gratuita y sin compromiso. Nuestro objetivo es proteger sus derechos y guiarlo paso a paso. <a href=\"https:\/\/josefrancisco-lawyers.com\/contact-us\/\">Cont\u00e1ctenos aqu\u00ed<\/a><\/p>\n<h2>Estatuto de Limitaciones de Florida: Act\u00fae R\u00e1pido<\/h2>\n<p>Florida tiene un estatuto de limitaciones de dos a\u00f1os para presentar demandas por accidentes de motocicleta. Esto significa que tiene \u00fanicamente dos a\u00f1os desde la fecha del accidente para iniciar un reclamo legal. Si no act\u00faa a tiempo, puede perder permanentemente su derecho a compensaci\u00f3n. Por eso es cr\u00edtico hablar con un abogado especializado de inmediato, incluso si no est\u00e1 seguro de la gravedad de sus lesiones. Nuestra experiencia nos permite actuar r\u00e1pidamente para proteger su reclamo y reunir todas las pruebas necesarias antes de que desaparezcan. <a href=\"https:\/\/www.flhsmv.gov\/\" target=\"_blank\" rel=\"noopener\">Florida Highway Safety and Motor Vehicles<\/a><\/p>\n<h2>Por Qu\u00e9 los Accidentes de Motocicleta Son Diferentes<\/h2>\n<p>Los accidentes de motocicleta no se tratan igual que los accidentes de autom\u00f3vil en Florida. Dos factores hacen estos casos m\u00e1s complejos:<\/p>\n<p>Sin cobertura PIP autom\u00e1tica: A diferencia de los propietarios de veh\u00edculos, los motociclistas no tienen la obligaci\u00f3n de tener un seguro de Protecci\u00f3n contra Lesiones Personales (PIP). Esto significa que las facturas m\u00e9dicas no se cubren autom\u00e1ticamente y el conductor responsable es totalmente responsable desde el primer d\u00f3lar.<\/p>\n<p>La defensa del casco: Aunque la ley de Florida no exige casco para todos los motociclistas, las compa\u00f1\u00edas de seguros pueden argumentar que sus lesiones habr\u00edan sido menores si hubiera usado uno. Nuestra experiencia demuestra que la negligencia del otro conductor es la causa real de sus lesiones, y estamos listos para contrarrestar estos argumentos.<\/p>\n<h2>Cu\u00e1nto Vale Su Reclamo de Accidente de Motocicleta<\/h2>\n<p>Las aseguradoras suelen ofrecer acuerdos r\u00e1pidos y bajos. Nuestro enfoque es construir un caso integral que considere todas sus p\u00e9rdidas, asegurando que reciba la m\u00e1xima compensaci\u00f3n posible.<\/p>\n<p>Da\u00f1os Econ\u00f3micos:<\/p>\n<ul>\n<li>Facturas m\u00e9dicas pasadas y futuras, incluyendo cirug\u00eda, hospitalizaci\u00f3n y rehabilitaci\u00f3n.<\/li>\n<li>Salarios e ingresos perdidos durante la recuperaci\u00f3n.<\/li>\n<li>P\u00e9rdida de capacidad de generar ingresos futuros si la lesi\u00f3n es permanente.<\/li>\n<li>Da\u00f1os a la motocicleta o a la propiedad.<\/li>\n<\/ul>\n<p>Da\u00f1os No Econ\u00f3micos:<\/p>\n<ul>\n<li>Dolor y sufrimiento.<\/li>\n<li>Angustia emocional y trauma psicol\u00f3gico.<\/li>\n<li>Cicatrices, desfiguraci\u00f3n o \u201croad rash\u201d.<\/li>\n<li>P\u00e9rdida del disfrute de la vida.<\/li>\n<\/ul>\n<p>Da\u00f1os Punitivos:<\/p>\n<p>En algunos casos, podemos reclamar da\u00f1os punitivos si el responsable actu\u00f3 con negligencia grave, como conducir bajo efectos de alcohol o drogas.<\/p>\n<h2>C\u00f3mo Construimos Su Caso de Accidente<\/h2>\n<p>Contratar las Oficinas Legales de Jos\u00e9 M. Francisco significa que nos encargamos de todo, desde la investigaci\u00f3n hasta el juicio, permiti\u00e9ndole concentrarse en su recuperaci\u00f3n.<\/p>\n<ul>\n<li>Investigaci\u00f3n inmediata: Recopilamos evidencia antes de que desaparezca, revisando informes policiales, fotos, videos y testimonios de testigos.<\/li>\n<li>Lucha contra las aseguradoras: Negociamos directamente con las compa\u00f1\u00edas de seguros, evitando que t\u00e1cticas enga\u00f1osas reduzcan su compensaci\u00f3n.<\/li>\n<li>Demostraci\u00f3n de responsabilidad: Colaboramos con expertos en reconstrucci\u00f3n de accidentes y m\u00e9dicos para probar la culpa del conductor y calcular el impacto econ\u00f3mico y personal de sus lesiones.<\/li>\n<li>Preparaci\u00f3n para juicio: Siempre estamos listos para ir a juicio si no se ofrece un acuerdo justo. Nuestro consejo es siempre claro y enfocado en sus mejores intereses.<\/li>\n<\/ul>\n<h2>FAQ Optimizado para Featured Snippets<\/h2>\n<p>\u00bfCu\u00e1nto tiempo tengo para presentar un reclamo en Florida?<\/p>\n<p>En Florida, tiene dos a\u00f1os desde la fecha del accidente para presentar una demanda por lesiones de motocicleta. Si no cumple este plazo, perder\u00e1 el derecho a compensaci\u00f3n.<\/p>\n<p>\u00bfNecesito un abogado para un accidente de motocicleta en Miami?<\/p>\n<p>S\u00ed. La ley y las aseguradoras pueden ser complicadas. Un abogado especializado asegura que su reclamo se gestione correctamente y que reciba la m\u00e1xima compensaci\u00f3n.<\/p>\n<p>\u00bfQu\u00e9 pasa si el accidente no fue mi culpa?<\/p>\n<p>Si otro conductor es responsable, puede recuperar da\u00f1os econ\u00f3micos y no econ\u00f3micos. Nuestro equipo demuestra la responsabilidad del otro conductor, incluso si el caso incluye argumentos como la \u201cdefensa del casco\u201d.<\/p>\n<p>\u00bfC\u00f3mo se calculan los da\u00f1os?<\/p>\n<p>Los da\u00f1os incluyen gastos m\u00e9dicos, salarios perdidos, p\u00e9rdida de ingresos futuros, dolor y sufrimiento, desfiguraci\u00f3n y, en algunos casos, da\u00f1os punitivos.<\/p>\n<h2>Llamado a la Acci\u00f3n<\/h2>\n<p>No espere a que las aseguradoras lo presionen. Llame a las Oficinas Legales de Jos\u00e9 M. Francisco hoy mismo para una revisi\u00f3n de caso gratuita y confidencial. Perm\u00edtanos proteger sus derechos, negociar con aseguradoras y luchar por la m\u00e1xima compensaci\u00f3n que merece. <a href=\"https:\/\/josefrancisco-lawyers.com\/our-attorneys\/\">Nuestros abogados<\/a><\/p>\n<\/div>\n<\/div>\n<\/div><\/div><\/div><\/div><div class=\"wpb_column vc_column_container us_custom_aedae473 has_bg_color type_sticky\"><div class=\"vc_column-inner\"><div class=\"w-image us_custom_3b76de05 align_center\"><div class=\"w-image-h\"><img decoding=\"async\" width=\"500\" height=\"555\" src=\"https:\/\/josefrancisco-lawyers.com\/wp-content\/uploads\/2023\/08\/jose-francisco.jpg\" class=\"attachment-large size-large\" alt=\"Miami Personal Injury Attorney, Jose M. Francisco\" loading=\"lazy\" srcset=\"https:\/\/josefrancisco-lawyers.com\/wp-content\/uploads\/2023\/08\/jose-francisco.jpg 500w, https:\/\/josefrancisco-lawyers.com\/wp-content\/uploads\/2023\/08\/jose-francisco-270x300.jpg 270w\" sizes=\"auto, (max-width: 500px) 100vw, 500px\" \/><\/div><\/div><div class=\"w-text us_custom_eb849559\"><span class=\"w-text-h\"><span class=\"w-text-value\">Jose M. Francisco<\/span><\/span><\/div><div class=\"w-separator size_small\"><\/div><div class=\"w-btn-wrapper align_center\"><a class=\"w-btn us-btn-style_1 us_custom_f73f4019\" href=\"https:\/\/josefrancisco-lawyers.com\/es\/contacte-con-nosotros\/\"><span class=\"w-btn-label\">Gratis evaluaci\u00f3n de caso<\/span><\/a><\/div><div class=\"w-image us_custom_ec1e580b align_center\"><div class=\"w-image-h\"><img decoding=\"async\" width=\"144\" height=\"144\" src=\"https:\/\/josefrancisco-lawyers.com\/wp-content\/uploads\/2023\/08\/mmdaf-blk.png\" class=\"attachment-large size-large\" alt=\"Million Dollar Advocates Forum\" loading=\"lazy\" \/><\/div><\/div><\/div><\/div><\/div><\/div><\/section>\n","protected":false},"excerpt":{"rendered":"$2.1 Million Mon\u00f3xido de Carbono $1.75 Million Ataque Criminal $1.05 Million Electrocuci\u00f3n $1 Million V\u00edctima de Attaque Abogado de Accidentes de Motocicleta en Miami Los motociclistas en Miami enfrentan riesgos \u00fanicos. El tr\u00e1fico intenso, conductores distra\u00eddos y condiciones imprevisibles aumentan significativamente las probabilidades de accidentes graves. Cuando ocurre un accidente, las lesiones pueden ser serias...","protected":false},"author":4,"featured_media":2603,"parent":0,"menu_order":0,"comment_status":"closed","ping_status":"closed","template":"","meta":{"footnotes":""},"class_list":["post-2631","page","type-page","status-publish","has-post-thumbnail","hentry"],"yoast_head":"<!-- This site is optimized with the Yoast SEO Premium plugin v27.0 (Yoast SEO v27.0) - https:\/\/yoast.com\/product\/yoast-seo-premium-wordpress\/ -->\n<title>Abogado de Accidentes de Motocicleta en Miami \u2013 Consulta Gratis<\/title>\n<meta name=\"description\" content=\"Obtenga un abogado de accidentes de motocicleta en Miami. Protecci\u00f3n legal, m\u00e1xima compensaci\u00f3n y consulta gratuita. Llam\u00e9 hoy y proteja sus derechos.\" \/>\n<meta name=\"robots\" content=\"index, follow, max-snippet:-1, max-image-preview:large, max-video-preview:-1\" \/>\n<link rel=\"canonical\" href=\"https:\/\/josefrancisco-lawyers.com\/es\/abogado-de-accidentes-de-motocicleta-en-miami\/\" \/>\n<meta property=\"og:locale\" content=\"es_ES\" \/>\n<meta property=\"og:type\" content=\"article\" \/>\n<meta property=\"og:title\" content=\"Abogado de accidentes de motocicleta en Miami\" \/>\n<meta property=\"og:description\" content=\"Obtenga un abogado de accidentes de motocicleta en Miami. Protecci\u00f3n legal, m\u00e1xima compensaci\u00f3n y consulta gratuita. Llam\u00e9 hoy y proteja sus derechos.\" \/>\n<meta property=\"og:url\" content=\"https:\/\/josefrancisco-lawyers.com\/es\/abogado-de-accidentes-de-motocicleta-en-miami\/\" \/>\n<meta property=\"og:site_name\" content=\"Jose M. Francisco\" \/>\n<meta property=\"article:publisher\" content=\"https:\/\/www.facebook.com\/JoseFranciscoAttorney\" \/>\n<meta property=\"article:modified_time\" content=\"2026-04-13T14:10:22+00:00\" \/>\n<meta property=\"og:image\" content=\"https:\/\/josefrancisco-lawyers.com\/wp-content\/uploads\/2023\/08\/jose-francisco.jpg\" \/>\n\t<meta property=\"og:image:width\" content=\"500\" \/>\n\t<meta property=\"og:image:height\" content=\"555\" \/>\n\t<meta property=\"og:image:type\" content=\"image\/jpeg\" \/>\n<meta name=\"twitter:card\" content=\"summary_large_image\" \/>\n<meta name=\"twitter:label1\" content=\"Tiempo de lectura\" \/>\n\t<meta name=\"twitter:data1\" content=\"4 minutos\" \/>\n<script type=\"application\/ld+json\" class=\"yoast-schema-graph\">{\"@context\":\"https:\/\/schema.org\",\"@graph\":[{\"@type\":\"WebPage\",\"@id\":\"https:\/\/josefrancisco-lawyers.com\/es\/abogado-de-accidentes-de-motocicleta-en-miami\/\",\"url\":\"https:\/\/josefrancisco-lawyers.com\/es\/abogado-de-accidentes-de-motocicleta-en-miami\/\",\"name\":\"Abogado de Accidentes de Motocicleta en Miami \u2013 Consulta Gratis\",\"isPartOf\":{\"@id\":\"https:\/\/josefrancisco-lawyers.com\/es\/#website\"},\"primaryImageOfPage\":{\"@id\":\"https:\/\/josefrancisco-lawyers.com\/es\/abogado-de-accidentes-de-motocicleta-en-miami\/#primaryimage\"},\"image\":{\"@id\":\"https:\/\/josefrancisco-lawyers.com\/es\/abogado-de-accidentes-de-motocicleta-en-miami\/#primaryimage\"},\"thumbnailUrl\":\"https:\/\/josefrancisco-lawyers.com\/wp-content\/uploads\/2023\/08\/jose-francisco.jpg\",\"datePublished\":\"2023-08-03T20:35:04+00:00\",\"dateModified\":\"2026-04-13T14:10:22+00:00\",\"description\":\"Obtenga un abogado de accidentes de motocicleta en Miami. Protecci\u00f3n legal, m\u00e1xima compensaci\u00f3n y consulta gratuita. Llam\u00e9 hoy y proteja sus derechos.\",\"breadcrumb\":{\"@id\":\"https:\/\/josefrancisco-lawyers.com\/es\/abogado-de-accidentes-de-motocicleta-en-miami\/#breadcrumb\"},\"inLanguage\":\"es\",\"potentialAction\":[{\"@type\":\"ReadAction\",\"target\":[\"https:\/\/josefrancisco-lawyers.com\/es\/abogado-de-accidentes-de-motocicleta-en-miami\/\"]}]},{\"@type\":\"ImageObject\",\"inLanguage\":\"es\",\"@id\":\"https:\/\/josefrancisco-lawyers.com\/es\/abogado-de-accidentes-de-motocicleta-en-miami\/#primaryimage\",\"url\":\"https:\/\/josefrancisco-lawyers.com\/wp-content\/uploads\/2023\/08\/jose-francisco.jpg\",\"contentUrl\":\"https:\/\/josefrancisco-lawyers.com\/wp-content\/uploads\/2023\/08\/jose-francisco.jpg\",\"width\":500,\"height\":555,\"caption\":\"Miami Personal Injury Attorney, Jose M. Francisco\"},{\"@type\":\"BreadcrumbList\",\"@id\":\"https:\/\/josefrancisco-lawyers.com\/es\/abogado-de-accidentes-de-motocicleta-en-miami\/#breadcrumb\",\"itemListElement\":[{\"@type\":\"ListItem\",\"position\":1,\"name\":\"Home\",\"item\":\"https:\/\/josefrancisco-lawyers.com\/es\/\"},{\"@type\":\"ListItem\",\"position\":2,\"name\":\"Abogado de accidentes de motocicleta en Miami\"}]},{\"@type\":\"WebSite\",\"@id\":\"https:\/\/josefrancisco-lawyers.com\/es\/#website\",\"url\":\"https:\/\/josefrancisco-lawyers.com\/es\/\",\"name\":\"Miami Personal Injury Lawyers | Jose M. Francisco\",\"description\":\"\",\"publisher\":{\"@id\":\"https:\/\/josefrancisco-lawyers.com\/es\/#organization\"},\"potentialAction\":[{\"@type\":\"SearchAction\",\"target\":{\"@type\":\"EntryPoint\",\"urlTemplate\":\"https:\/\/josefrancisco-lawyers.com\/es\/?s={search_term_string}\"},\"query-input\":{\"@type\":\"PropertyValueSpecification\",\"valueRequired\":true,\"valueName\":\"search_term_string\"}}],\"inLanguage\":\"es\"},{\"@type\":[\"Organization\",\"Place\"],\"@id\":\"https:\/\/josefrancisco-lawyers.com\/es\/#organization\",\"name\":\"The Law Offices of Jose M. Francisco\",\"url\":\"https:\/\/josefrancisco-lawyers.com\/es\/\",\"logo\":{\"@id\":\"https:\/\/josefrancisco-lawyers.com\/es\/abogado-de-accidentes-de-motocicleta-en-miami\/#local-main-organization-logo\"},\"image\":{\"@id\":\"https:\/\/josefrancisco-lawyers.com\/es\/abogado-de-accidentes-de-motocicleta-en-miami\/#local-main-organization-logo\"},\"sameAs\":[\"https:\/\/www.facebook.com\/JoseFranciscoAttorney\",\"https:\/\/www.youtube.com\/@lawofficesofjosefrancisco\"],\"description\":\"Accident attorneys serving Miami, Hialeah, Broward, and Palm Beach, Florida\",\"legalName\":\"Law Offices of Jose M. Francisco\",\"foundingDate\":\"1991-01-01\",\"numberOfEmployees\":{\"@type\":\"QuantitativeValue\",\"minValue\":\"1\",\"maxValue\":\"10\"},\"address\":{\"@id\":\"https:\/\/josefrancisco-lawyers.com\/es\/abogado-de-accidentes-de-motocicleta-en-miami\/#local-main-place-address\"},\"geo\":{\"@type\":\"GeoCoordinates\",\"latitude\":\"25.7690857\",\"longitude\":\"-80.3380914\"},\"telephone\":[\"305-649-5060\",\"954-649-5060\"],\"openingHoursSpecification\":{\"@type\":\"OpeningHoursSpecification\",\"dayOfWeek\":[\"Monday\",\"Tuesday\",\"Wednesday\",\"Thursday\",\"Friday\",\"Saturday\",\"Sunday\"],\"opens\":\"00:00\",\"closes\":\"23:59\"},\"areaServed\":\"Miami, Hialeah, Homestead, Broward, Doral, Palm Beach\"},{\"@type\":\"PostalAddress\",\"@id\":\"https:\/\/josefrancisco-lawyers.com\/es\/abogado-de-accidentes-de-motocicleta-en-miami\/#local-main-place-address\",\"streetAddress\":\"8660 W. Flagler Street, Suite 100\",\"addressLocality\":\"Miami\",\"postalCode\":\"33144\",\"addressRegion\":\"Florida\",\"addressCountry\":\"US\"},{\"@type\":\"ImageObject\",\"inLanguage\":\"es\",\"@id\":\"https:\/\/josefrancisco-lawyers.com\/es\/abogado-de-accidentes-de-motocicleta-en-miami\/#local-main-organization-logo\",\"url\":\"https:\/\/josefrancisco-lawyers.com\/wp-content\/uploads\/2024\/11\/Jose-Francisco.jpg\",\"contentUrl\":\"https:\/\/josefrancisco-lawyers.com\/wp-content\/uploads\/2024\/11\/Jose-Francisco.jpg\",\"width\":500,\"height\":568,\"caption\":\"The Law Offices of Jose M. Francisco\"}]}<\/script>\n<meta name=\"geo.placename\" content=\"Miami\" \/>\n<meta name=\"geo.position\" content=\"25.7690857;-80.3380914\" \/>\n<meta name=\"geo.region\" content=\"Estados Unidos (EEUU)\" \/>\n<!-- \/ Yoast SEO Premium plugin. -->","yoast_head_json":{"title":"Abogado de Accidentes de Motocicleta en Miami \u2013 Consulta Gratis","description":"Obtenga un abogado de accidentes de motocicleta en Miami. Protecci\u00f3n legal, m\u00e1xima compensaci\u00f3n y consulta gratuita. Llam\u00e9 hoy y proteja sus derechos.","robots":{"index":"index","follow":"follow","max-snippet":"max-snippet:-1","max-image-preview":"max-image-preview:large","max-video-preview":"max-video-preview:-1"},"canonical":"https:\/\/josefrancisco-lawyers.com\/es\/abogado-de-accidentes-de-motocicleta-en-miami\/","og_locale":"es_ES","og_type":"article","og_title":"Abogado de accidentes de motocicleta en Miami","og_description":"Obtenga un abogado de accidentes de motocicleta en Miami. Protecci\u00f3n legal, m\u00e1xima compensaci\u00f3n y consulta gratuita. Llam\u00e9 hoy y proteja sus derechos.","og_url":"https:\/\/josefrancisco-lawyers.com\/es\/abogado-de-accidentes-de-motocicleta-en-miami\/","og_site_name":"Jose M. Francisco","article_publisher":"https:\/\/www.facebook.com\/JoseFranciscoAttorney","article_modified_time":"2026-04-13T14:10:22+00:00","og_image":[{"width":500,"height":555,"url":"https:\/\/josefrancisco-lawyers.com\/wp-content\/uploads\/2023\/08\/jose-francisco.jpg","type":"image\/jpeg"}],"twitter_card":"summary_large_image","twitter_misc":{"Tiempo de lectura":"4 minutos"},"schema":{"@context":"https:\/\/schema.org","@graph":[{"@type":"WebPage","@id":"https:\/\/josefrancisco-lawyers.com\/es\/abogado-de-accidentes-de-motocicleta-en-miami\/","url":"https:\/\/josefrancisco-lawyers.com\/es\/abogado-de-accidentes-de-motocicleta-en-miami\/","name":"Abogado de Accidentes de Motocicleta en Miami \u2013 Consulta Gratis","isPartOf":{"@id":"https:\/\/josefrancisco-lawyers.com\/es\/#website"},"primaryImageOfPage":{"@id":"https:\/\/josefrancisco-lawyers.com\/es\/abogado-de-accidentes-de-motocicleta-en-miami\/#primaryimage"},"image":{"@id":"https:\/\/josefrancisco-lawyers.com\/es\/abogado-de-accidentes-de-motocicleta-en-miami\/#primaryimage"},"thumbnailUrl":"https:\/\/josefrancisco-lawyers.com\/wp-content\/uploads\/2023\/08\/jose-francisco.jpg","datePublished":"2023-08-03T20:35:04+00:00","dateModified":"2026-04-13T14:10:22+00:00","description":"Obtenga un abogado de accidentes de motocicleta en Miami. Protecci\u00f3n legal, m\u00e1xima compensaci\u00f3n y consulta gratuita. Llam\u00e9 hoy y proteja sus derechos.","breadcrumb":{"@id":"https:\/\/josefrancisco-lawyers.com\/es\/abogado-de-accidentes-de-motocicleta-en-miami\/#breadcrumb"},"inLanguage":"es","potentialAction":[{"@type":"ReadAction","target":["https:\/\/josefrancisco-lawyers.com\/es\/abogado-de-accidentes-de-motocicleta-en-miami\/"]}]},{"@type":"ImageObject","inLanguage":"es","@id":"https:\/\/josefrancisco-lawyers.com\/es\/abogado-de-accidentes-de-motocicleta-en-miami\/#primaryimage","url":"https:\/\/josefrancisco-lawyers.com\/wp-content\/uploads\/2023\/08\/jose-francisco.jpg","contentUrl":"https:\/\/josefrancisco-lawyers.com\/wp-content\/uploads\/2023\/08\/jose-francisco.jpg","width":500,"height":555,"caption":"Miami Personal Injury Attorney, Jose M. Francisco"},{"@type":"BreadcrumbList","@id":"https:\/\/josefrancisco-lawyers.com\/es\/abogado-de-accidentes-de-motocicleta-en-miami\/#breadcrumb","itemListElement":[{"@type":"ListItem","position":1,"name":"Home","item":"https:\/\/josefrancisco-lawyers.com\/es\/"},{"@type":"ListItem","position":2,"name":"Abogado de accidentes de motocicleta en Miami"}]},{"@type":"WebSite","@id":"https:\/\/josefrancisco-lawyers.com\/es\/#website","url":"https:\/\/josefrancisco-lawyers.com\/es\/","name":"Miami Personal Injury Lawyers | Jose M. Francisco","description":"","publisher":{"@id":"https:\/\/josefrancisco-lawyers.com\/es\/#organization"},"potentialAction":[{"@type":"SearchAction","target":{"@type":"EntryPoint","urlTemplate":"https:\/\/josefrancisco-lawyers.com\/es\/?s={search_term_string}"},"query-input":{"@type":"PropertyValueSpecification","valueRequired":true,"valueName":"search_term_string"}}],"inLanguage":"es"},{"@type":["Organization","Place"],"@id":"https:\/\/josefrancisco-lawyers.com\/es\/#organization","name":"The Law Offices of Jose M. Francisco","url":"https:\/\/josefrancisco-lawyers.com\/es\/","logo":{"@id":"https:\/\/josefrancisco-lawyers.com\/es\/abogado-de-accidentes-de-motocicleta-en-miami\/#local-main-organization-logo"},"image":{"@id":"https:\/\/josefrancisco-lawyers.com\/es\/abogado-de-accidentes-de-motocicleta-en-miami\/#local-main-organization-logo"},"sameAs":["https:\/\/www.facebook.com\/JoseFranciscoAttorney","https:\/\/www.youtube.com\/@lawofficesofjosefrancisco"],"description":"Accident attorneys serving Miami, Hialeah, Broward, and Palm Beach, Florida","legalName":"Law Offices of Jose M. Francisco","foundingDate":"1991-01-01","numberOfEmployees":{"@type":"QuantitativeValue","minValue":"1","maxValue":"10"},"address":{"@id":"https:\/\/josefrancisco-lawyers.com\/es\/abogado-de-accidentes-de-motocicleta-en-miami\/#local-main-place-address"},"geo":{"@type":"GeoCoordinates","latitude":"25.7690857","longitude":"-80.3380914"},"telephone":["305-649-5060","954-649-5060"],"openingHoursSpecification":{"@type":"OpeningHoursSpecification","dayOfWeek":["Monday","Tuesday","Wednesday","Thursday","Friday","Saturday","Sunday"],"opens":"00:00","closes":"23:59"},"areaServed":"Miami, Hialeah, Homestead, Broward, Doral, Palm Beach"},{"@type":"PostalAddress","@id":"https:\/\/josefrancisco-lawyers.com\/es\/abogado-de-accidentes-de-motocicleta-en-miami\/#local-main-place-address","streetAddress":"8660 W. Flagler Street, Suite 100","addressLocality":"Miami","postalCode":"33144","addressRegion":"Florida","addressCountry":"US"},{"@type":"ImageObject","inLanguage":"es","@id":"https:\/\/josefrancisco-lawyers.com\/es\/abogado-de-accidentes-de-motocicleta-en-miami\/#local-main-organization-logo","url":"https:\/\/josefrancisco-lawyers.com\/wp-content\/uploads\/2024\/11\/Jose-Francisco.jpg","contentUrl":"https:\/\/josefrancisco-lawyers.com\/wp-content\/uploads\/2024\/11\/Jose-Francisco.jpg","width":500,"height":568,"caption":"The Law Offices of Jose M. Francisco"}]},"geo.placename":"Miami","geo.position":{"lat":"25.7690857","long":"-80.3380914"},"geo.region":"Estados Unidos (EEUU)"},"_links":{"self":[{"href":"https:\/\/josefrancisco-lawyers.com\/es\/wp-json\/wp\/v2\/pages\/2631","targetHints":{"allow":["GET"]}}],"collection":[{"href":"https:\/\/josefrancisco-lawyers.com\/es\/wp-json\/wp\/v2\/pages"}],"about":[{"href":"https:\/\/josefrancisco-lawyers.com\/es\/wp-json\/wp\/v2\/types\/page"}],"author":[{"embeddable":true,"href":"https:\/\/josefrancisco-lawyers.com\/es\/wp-json\/wp\/v2\/users\/4"}],"replies":[{"embeddable":true,"href":"https:\/\/josefrancisco-lawyers.com\/es\/wp-json\/wp\/v2\/comments?post=2631"}],"version-history":[{"count":0,"href":"https:\/\/josefrancisco-lawyers.com\/es\/wp-json\/wp\/v2\/pages\/2631\/revisions"}],"wp:featuredmedia":[{"embeddable":true,"href":"https:\/\/josefrancisco-lawyers.com\/es\/wp-json\/wp\/v2\/media\/2603"}],"wp:attachment":[{"href":"https:\/\/josefrancisco-lawyers.com\/es\/wp-json\/wp\/v2\/media?parent=2631"}],"curies":[{"name":"wp","href":"https:\/\/api.w.org\/{rel}","templated":true}]}}