{"id":2675,"date":"2023-08-08T14:54:39","date_gmt":"2023-08-08T21:54:39","guid":{"rendered":"https:\/\/josefrancisco-lawyers.com\/nuestros-abogados-2\/"},"modified":"2026-03-04T09:38:19","modified_gmt":"2026-03-04T16:38:19","slug":"nuestros-abogados-2","status":"publish","type":"page","link":"https:\/\/josefrancisco-lawyers.com\/es\/nuestros-abogados-2\/","title":{"rendered":"Nuestros Abogados"},"content":{"rendered":"<section class=\"l-section wpb_row height_auto width_full\"><div class=\"l-section-h i-cf\"><div class=\"g-cols vc_row via_grid cols_1 laptops-cols_inherit tablets-cols_inherit mobiles-cols_1 valign_top type_default stacking_default\"><div class=\"wpb_column vc_column_container\"><div class=\"vc_column-inner\"><section class=\"l-section wpb_row us_custom_5a483829 height_medium\"><div class=\"l-section-h i-cf\"><div class=\"g-cols vc_row via_grid cols_4 laptops-cols_inherit tablets-cols_inherit mobiles-cols_2 valign_top type_default stacking_default\"><div class=\"wpb_column vc_column_container\"><div class=\"vc_column-inner\"><div class=\"wpb_text_column\"><div class=\"wpb_wrapper\"><p style=\"text-align: center;\"><span style=\"color: #ffffff;\"><strong>$2.1 Million<\/strong><\/span><br \/>\n<span style=\"color: #ffffff;\">Mon\u00f3xido de Carbono<\/span><\/p>\n<\/div><\/div><\/div><\/div><div class=\"wpb_column vc_column_container\"><div class=\"vc_column-inner\"><div class=\"wpb_text_column\"><div class=\"wpb_wrapper\"><p style=\"text-align: center;\"><span style=\"color: #ffffff;\"><strong>$1.75 Million<\/strong><\/span><br \/>\n<span style=\"color: #ffffff;\">Ataque Criminal<\/span><\/p>\n<\/div><\/div><\/div><\/div><div class=\"wpb_column vc_column_container\"><div class=\"vc_column-inner\"><div class=\"wpb_text_column\"><div class=\"wpb_wrapper\"><p style=\"text-align: center;\"><span style=\"color: #ffffff;\"><strong>$1.05 Million<\/strong><\/span><br \/>\n<span style=\"color: #ffffff;\">Electrocuci\u00f3n<\/span><\/p>\n<\/div><\/div><\/div><\/div><div class=\"wpb_column vc_column_container\"><div class=\"vc_column-inner\"><div class=\"wpb_text_column\"><div class=\"wpb_wrapper\"><p style=\"text-align: center;\"><span style=\"color: #ffffff;\"><strong>$1 Million<\/strong><\/span><br \/>\n<span style=\"color: #ffffff;\">V\u00edctima de Attaque<\/span><\/p>\n<\/div><\/div><\/div><\/div><\/div><\/div><\/section>\n<\/div><\/div><\/div><\/div><\/section><section class=\"l-section wpb_row height_medium\"><div class=\"l-section-h i-cf\"><div class=\"g-cols vc_row via_grid cols_1 laptops-cols_inherit tablets-cols_inherit mobiles-cols_1 valign_top type_default stacking_default\"><div class=\"wpb_column vc_column_container\"><div class=\"vc_column-inner\"><div class=\"wpb_text_column us_custom_73baa0a3 has_text_color\"><div class=\"wpb_wrapper\"><h1 style=\"text-align: center;\">Nuestros Abogados<\/h1>\n<\/div><\/div><div class=\"w-separator size_medium\"><\/div><div class=\"g-cols wpb_row via_grid cols_3-1 laptops-cols_inherit tablets-cols_2 mobiles-cols_1 valign_top type_default reversed stacking_default\" style=\"--columns-gap:3rem;\"><div class=\"wpb_column vc_column_container\"><div class=\"vc_column-inner\"><div class=\"wpb_text_column\"><div class=\"wpb_wrapper\"><p>Jos\u00e9 M. Francisco naci\u00f3 en La Habana, Cuba y es residente de Miami desde el a\u00f1o 1974. El Sr. Francisco obtuvo su certificado de bachillerato de la Universidad de Barry y luego recibi\u00f3 su Doctorado en Jurisprudencia (Juris Doctor) en la Escuela de Leyes de la Universidad de Nova en el 1991. En el mismo a\u00f1o estableci\u00f3 sus oficinas, Jos\u00e9 M. Francisco, P.A. Las Oficinas del Abogado Jos\u00e9 M. Francisco manejan todo tipo de accidentes incluyendo casos de lesiones personales, productos defectuosos, cobertura de seguro y casos al consumidor. Los casos de lesiones personales incluyen accidentes de autom\u00f3viles, resbal\u00f3n y ca\u00edda, homicidio culposo, remuneraci\u00f3n de los trabajadores, negligencia m\u00e9dica, y casos de seguro.<\/p>\n<\/div><\/div><\/div><\/div><div class=\"wpb_column vc_column_container\"><div class=\"vc_column-inner\"><div class=\"w-person us_custom_4e958987 layout_simple\" itemscope itemtype=\"https:\/\/schema.org\/Person\"><div class=\"w-person-image\"><img loading=\"lazy\" decoding=\"async\" width=\"500\" height=\"568\" src=\"https:\/\/josefrancisco-lawyers.com\/wp-content\/uploads\/2024\/11\/Jose-Francisco.jpg\" class=\"attachment-large size-large\" alt=\"Jose M. Francisco - Miami Personal Injury Lawyer\" itemprop=\"image\" srcset=\"https:\/\/josefrancisco-lawyers.com\/wp-content\/uploads\/2024\/11\/Jose-Francisco.jpg 500w, https:\/\/josefrancisco-lawyers.com\/wp-content\/uploads\/2024\/11\/Jose-Francisco-264x300.jpg 264w\" sizes=\"auto, (max-width: 500px) 100vw, 500px\" \/><\/div><div class=\"w-person-content\"><h4 itemprop=\"name\" class=\"w-person-name\"><span>Jose M. Francisco<\/span><\/h4><\/div><\/div><\/div><\/div><\/div><\/div><\/div><\/div><\/div><\/section><section class=\"l-section wpb_row height_medium\"><div class=\"l-section-h i-cf\"><div class=\"g-cols vc_row via_grid cols_1-3 laptops-cols_inherit tablets-cols_inherit mobiles-cols_1 valign_top type_default stacking_default\"><div class=\"wpb_column vc_column_container\"><div class=\"vc_column-inner\"><div class=\"g-cols wpb_row via_grid cols_1 laptops-cols_inherit tablets-cols_inherit mobiles-cols_1 valign_top type_default stacking_default\" style=\"--columns-gap:3rem;\"><div class=\"wpb_column vc_column_container\"><div class=\"vc_column-inner\"><div class=\"w-person us_custom_4e958987 layout_simple\" itemscope itemtype=\"https:\/\/schema.org\/Person\"><div class=\"w-person-image\"><img loading=\"lazy\" decoding=\"async\" width=\"240\" height=\"300\" src=\"https:\/\/josefrancisco-lawyers.com\/wp-content\/uploads\/2018\/05\/michael-goldstein.jpg\" class=\"attachment-large size-large\" alt=\"Attorney, Michael Goldstein\" itemprop=\"image\" \/><\/div><div class=\"w-person-content\"><h4 itemprop=\"name\" class=\"w-person-name\"><span>Michael Goldstein<\/span><\/h4><\/div><\/div><\/div><\/div><\/div><\/div><\/div><div class=\"wpb_column vc_column_container\"><div class=\"vc_column-inner\"><div class=\"wpb_text_column\"><div class=\"wpb_wrapper\"><p>Michael Goldstein recibi\u00f3 su certificado de bachillerato de la Universidad de Rutgers en el 1985 y su Doctorado en Jurisprudencia (Juris Doctor) de la Universidad de Nova en el 1997. Se gradu\u00f3 con honores y era miembro de la Revisi\u00f3n de Ley. El Sr. Goldstein se dedica a casos de remuneraci\u00f3n de los trabajadores, ayudando a trabajadores que se han lesionado en el trabajo. Anteriormente se concentraba en defender y representar a las compa\u00f1\u00edas de seguro. Michael Goldstein es miembro de el Florida Bar y tiene licencia para practicar leyes en las cortes del Distrito de los Estados Unidos del Sur de la Florida. El abogado Goldstein es judio y reside en el Sur de la Florida con su familia desde el a\u00f1o 1993.<\/p>\n<\/div><\/div><\/div><\/div><\/div><\/div><\/section><section class=\"l-section wpb_row height_medium\"><div class=\"l-section-h i-cf\"><div class=\"g-cols vc_row via_grid cols_3-1 laptops-cols_inherit tablets-cols_inherit mobiles-cols_1 valign_top type_default reversed stacking_default\"><div class=\"wpb_column vc_column_container\"><div class=\"vc_column-inner\"><div class=\"g-cols wpb_row via_grid cols_1 laptops-cols_inherit tablets-cols_inherit mobiles-cols_1 valign_top type_default reversed stacking_default\" style=\"--columns-gap:3rem;\"><div class=\"wpb_column vc_column_container\"><div class=\"vc_column-inner\"><div class=\"wpb_text_column\"><div class=\"wpb_wrapper\"><p>Gonzalo Masso recibi\u00f3 su certificado de bachillerato de la Universidad Internacional de la Florida (Florida International University) en el 2014 y su Doctorado en Jurisprudencia (Juris Doctor) de la Universidad Internacional de la Florida Escuela de Leyes (Florida International University School of Law) en el 2018. Gonzalo naci\u00f3 en Buenos Aires, Argentina y es biling\u00fce en Ingl\u00e9s y Espa\u00f1ol. Anteriormente realiz\u00f3 una pasant\u00eda con el Honorable Juez Cohn y ayud\u00f3 al Programa Cl\u00ednico de La Facultad de Derecho de la Universidad de la Florida representando a clientes en una variedad de \u00e1reas tales como, el derecho de los inquilinos, la inmigraci\u00f3n, y la familia. El abogado Masso actualmente concentra su pr\u00e1ctica en el \u00e1rea de Compensaci\u00f3n Laboral y es un miembro con buena reputaci\u00f3n del Florida Bar.<\/p>\n<\/div><\/div><\/div><\/div><\/div><\/div><\/div><div class=\"wpb_column vc_column_container\"><div class=\"vc_column-inner\"><div class=\"w-person us_custom_4e958987 layout_simple\" itemscope itemtype=\"https:\/\/schema.org\/Person\"><div class=\"w-person-image\"><img loading=\"lazy\" decoding=\"async\" width=\"500\" height=\"625\" src=\"https:\/\/josefrancisco-lawyers.com\/wp-content\/uploads\/2020\/04\/gonlazo-masso-lg.jpg\" class=\"attachment-large size-large\" alt=\"\" itemprop=\"image\" srcset=\"https:\/\/josefrancisco-lawyers.com\/wp-content\/uploads\/2020\/04\/gonlazo-masso-lg.jpg 500w, https:\/\/josefrancisco-lawyers.com\/wp-content\/uploads\/2020\/04\/gonlazo-masso-lg-240x300.jpg 240w\" sizes=\"auto, (max-width: 500px) 100vw, 500px\" \/><\/div><div class=\"w-person-content\"><h4 itemprop=\"name\" class=\"w-person-name\"><span>Gonzalo Masso<\/span><\/h4><\/div><\/div><\/div><\/div><\/div><\/div><\/section>\n","protected":false},"excerpt":{"rendered":"$2.1 Million Mon\u00f3xido de Carbono $1.75 Million Ataque Criminal $1.05 Million Electrocuci\u00f3n $1 Million V\u00edctima de Attaque Nuestros Abogados Jos\u00e9 M. Francisco naci\u00f3 en La Habana, Cuba y es residente de Miami desde el a\u00f1o 1974. El Sr. Francisco obtuvo su certificado de bachillerato de la Universidad de Barry y luego recibi\u00f3 su Doctorado en...","protected":false},"author":4,"featured_media":2603,"parent":0,"menu_order":0,"comment_status":"closed","ping_status":"closed","template":"","meta":{"footnotes":""},"class_list":["post-2675","page","type-page","status-publish","has-post-thumbnail","hentry"],"yoast_head":"<!-- This site is optimized with the Yoast SEO Premium plugin v27.0 (Yoast SEO v27.0) - https:\/\/yoast.com\/product\/yoast-seo-premium-wordpress\/ -->\n<title>Nuestros Abogados | Jose M. Francisco<\/title>\n<meta name=\"robots\" content=\"index, follow, max-snippet:-1, max-image-preview:large, max-video-preview:-1\" \/>\n<link rel=\"canonical\" href=\"https:\/\/josefrancisco-lawyers.com\/es\/nuestros-abogados-2\/\" \/>\n<meta property=\"og:locale\" content=\"es_ES\" \/>\n<meta property=\"og:type\" content=\"article\" \/>\n<meta property=\"og:title\" content=\"Nuestros Abogados\" \/>\n<meta property=\"og:url\" content=\"https:\/\/josefrancisco-lawyers.com\/es\/nuestros-abogados-2\/\" \/>\n<meta property=\"og:site_name\" content=\"Jose M. Francisco\" \/>\n<meta property=\"article:publisher\" content=\"https:\/\/www.facebook.com\/JoseFranciscoAttorney\" \/>\n<meta property=\"article:modified_time\" content=\"2026-03-04T16:38:19+00:00\" \/>\n<meta property=\"og:image\" content=\"https:\/\/josefrancisco-lawyers.com\/wp-content\/uploads\/2023\/08\/jose-francisco.jpg\" \/>\n\t<meta property=\"og:image:width\" content=\"500\" \/>\n\t<meta property=\"og:image:height\" content=\"555\" \/>\n\t<meta property=\"og:image:type\" content=\"image\/jpeg\" \/>\n<meta name=\"twitter:card\" content=\"summary_large_image\" \/>\n<meta name=\"twitter:label1\" content=\"Tiempo de lectura\" \/>\n\t<meta name=\"twitter:data1\" content=\"3 minutos\" \/>\n<script type=\"application\/ld+json\" class=\"yoast-schema-graph\">{\"@context\":\"https:\/\/schema.org\",\"@graph\":[{\"@type\":\"WebPage\",\"@id\":\"https:\/\/josefrancisco-lawyers.com\/es\/nuestros-abogados-2\/\",\"url\":\"https:\/\/josefrancisco-lawyers.com\/es\/nuestros-abogados-2\/\",\"name\":\"Nuestros Abogados | Jose M. Francisco\",\"isPartOf\":{\"@id\":\"https:\/\/josefrancisco-lawyers.com\/es\/#website\"},\"primaryImageOfPage\":{\"@id\":\"https:\/\/josefrancisco-lawyers.com\/es\/nuestros-abogados-2\/#primaryimage\"},\"image\":{\"@id\":\"https:\/\/josefrancisco-lawyers.com\/es\/nuestros-abogados-2\/#primaryimage\"},\"thumbnailUrl\":\"https:\/\/josefrancisco-lawyers.com\/wp-content\/uploads\/2023\/08\/jose-francisco.jpg\",\"datePublished\":\"2023-08-08T21:54:39+00:00\",\"dateModified\":\"2026-03-04T16:38:19+00:00\",\"breadcrumb\":{\"@id\":\"https:\/\/josefrancisco-lawyers.com\/es\/nuestros-abogados-2\/#breadcrumb\"},\"inLanguage\":\"es\",\"potentialAction\":[{\"@type\":\"ReadAction\",\"target\":[\"https:\/\/josefrancisco-lawyers.com\/es\/nuestros-abogados-2\/\"]}]},{\"@type\":\"ImageObject\",\"inLanguage\":\"es\",\"@id\":\"https:\/\/josefrancisco-lawyers.com\/es\/nuestros-abogados-2\/#primaryimage\",\"url\":\"https:\/\/josefrancisco-lawyers.com\/wp-content\/uploads\/2023\/08\/jose-francisco.jpg\",\"contentUrl\":\"https:\/\/josefrancisco-lawyers.com\/wp-content\/uploads\/2023\/08\/jose-francisco.jpg\",\"width\":500,\"height\":555,\"caption\":\"Miami Personal Injury Attorney, Jose M. Francisco\"},{\"@type\":\"BreadcrumbList\",\"@id\":\"https:\/\/josefrancisco-lawyers.com\/es\/nuestros-abogados-2\/#breadcrumb\",\"itemListElement\":[{\"@type\":\"ListItem\",\"position\":1,\"name\":\"Home\",\"item\":\"https:\/\/josefrancisco-lawyers.com\/es\/\"},{\"@type\":\"ListItem\",\"position\":2,\"name\":\"Nuestros Abogados\"}]},{\"@type\":\"WebSite\",\"@id\":\"https:\/\/josefrancisco-lawyers.com\/es\/#website\",\"url\":\"https:\/\/josefrancisco-lawyers.com\/es\/\",\"name\":\"Miami Personal Injury Lawyers | Jose M. Francisco\",\"description\":\"\",\"publisher\":{\"@id\":\"https:\/\/josefrancisco-lawyers.com\/es\/#organization\"},\"potentialAction\":[{\"@type\":\"SearchAction\",\"target\":{\"@type\":\"EntryPoint\",\"urlTemplate\":\"https:\/\/josefrancisco-lawyers.com\/es\/?s={search_term_string}\"},\"query-input\":{\"@type\":\"PropertyValueSpecification\",\"valueRequired\":true,\"valueName\":\"search_term_string\"}}],\"inLanguage\":\"es\"},{\"@type\":[\"Organization\",\"Place\"],\"@id\":\"https:\/\/josefrancisco-lawyers.com\/es\/#organization\",\"name\":\"The Law Offices of Jose M. Francisco\",\"url\":\"https:\/\/josefrancisco-lawyers.com\/es\/\",\"logo\":{\"@id\":\"https:\/\/josefrancisco-lawyers.com\/es\/nuestros-abogados-2\/#local-main-organization-logo\"},\"image\":{\"@id\":\"https:\/\/josefrancisco-lawyers.com\/es\/nuestros-abogados-2\/#local-main-organization-logo\"},\"sameAs\":[\"https:\/\/www.facebook.com\/JoseFranciscoAttorney\",\"https:\/\/www.youtube.com\/@lawofficesofjosefrancisco\"],\"description\":\"Accident attorneys serving Miami, Hialeah, Broward, and Palm Beach, Florida\",\"legalName\":\"Law Offices of Jose M. Francisco\",\"foundingDate\":\"1991-01-01\",\"numberOfEmployees\":{\"@type\":\"QuantitativeValue\",\"minValue\":\"1\",\"maxValue\":\"10\"},\"address\":{\"@id\":\"https:\/\/josefrancisco-lawyers.com\/es\/nuestros-abogados-2\/#local-main-place-address\"},\"geo\":{\"@type\":\"GeoCoordinates\",\"latitude\":\"25.7690857\",\"longitude\":\"-80.3380914\"},\"telephone\":[\"305-649-5060\",\"954-649-5060\"],\"openingHoursSpecification\":{\"@type\":\"OpeningHoursSpecification\",\"dayOfWeek\":[\"Monday\",\"Tuesday\",\"Wednesday\",\"Thursday\",\"Friday\",\"Saturday\",\"Sunday\"],\"opens\":\"00:00\",\"closes\":\"23:59\"},\"areaServed\":\"Miami, Hialeah, Homestead, Broward, Doral, Palm Beach\"},{\"@type\":\"PostalAddress\",\"@id\":\"https:\/\/josefrancisco-lawyers.com\/es\/nuestros-abogados-2\/#local-main-place-address\",\"streetAddress\":\"8660 W. Flagler Street, Suite 100\",\"addressLocality\":\"Miami\",\"postalCode\":\"33144\",\"addressRegion\":\"Florida\",\"addressCountry\":\"US\"},{\"@type\":\"ImageObject\",\"inLanguage\":\"es\",\"@id\":\"https:\/\/josefrancisco-lawyers.com\/es\/nuestros-abogados-2\/#local-main-organization-logo\",\"url\":\"https:\/\/josefrancisco-lawyers.com\/wp-content\/uploads\/2024\/11\/Jose-Francisco.jpg\",\"contentUrl\":\"https:\/\/josefrancisco-lawyers.com\/wp-content\/uploads\/2024\/11\/Jose-Francisco.jpg\",\"width\":500,\"height\":568,\"caption\":\"The Law Offices of Jose M. Francisco\"}]}<\/script>\n<meta name=\"geo.placename\" content=\"Miami\" \/>\n<meta name=\"geo.position\" content=\"25.7690857;-80.3380914\" \/>\n<meta name=\"geo.region\" content=\"Estados Unidos (EEUU)\" \/>\n<!-- \/ Yoast SEO Premium plugin. -->","yoast_head_json":{"title":"Nuestros Abogados | Jose M. Francisco","robots":{"index":"index","follow":"follow","max-snippet":"max-snippet:-1","max-image-preview":"max-image-preview:large","max-video-preview":"max-video-preview:-1"},"canonical":"https:\/\/josefrancisco-lawyers.com\/es\/nuestros-abogados-2\/","og_locale":"es_ES","og_type":"article","og_title":"Nuestros Abogados","og_url":"https:\/\/josefrancisco-lawyers.com\/es\/nuestros-abogados-2\/","og_site_name":"Jose M. Francisco","article_publisher":"https:\/\/www.facebook.com\/JoseFranciscoAttorney","article_modified_time":"2026-03-04T16:38:19+00:00","og_image":[{"width":500,"height":555,"url":"https:\/\/josefrancisco-lawyers.com\/wp-content\/uploads\/2023\/08\/jose-francisco.jpg","type":"image\/jpeg"}],"twitter_card":"summary_large_image","twitter_misc":{"Tiempo de lectura":"3 minutos"},"schema":{"@context":"https:\/\/schema.org","@graph":[{"@type":"WebPage","@id":"https:\/\/josefrancisco-lawyers.com\/es\/nuestros-abogados-2\/","url":"https:\/\/josefrancisco-lawyers.com\/es\/nuestros-abogados-2\/","name":"Nuestros Abogados | Jose M. Francisco","isPartOf":{"@id":"https:\/\/josefrancisco-lawyers.com\/es\/#website"},"primaryImageOfPage":{"@id":"https:\/\/josefrancisco-lawyers.com\/es\/nuestros-abogados-2\/#primaryimage"},"image":{"@id":"https:\/\/josefrancisco-lawyers.com\/es\/nuestros-abogados-2\/#primaryimage"},"thumbnailUrl":"https:\/\/josefrancisco-lawyers.com\/wp-content\/uploads\/2023\/08\/jose-francisco.jpg","datePublished":"2023-08-08T21:54:39+00:00","dateModified":"2026-03-04T16:38:19+00:00","breadcrumb":{"@id":"https:\/\/josefrancisco-lawyers.com\/es\/nuestros-abogados-2\/#breadcrumb"},"inLanguage":"es","potentialAction":[{"@type":"ReadAction","target":["https:\/\/josefrancisco-lawyers.com\/es\/nuestros-abogados-2\/"]}]},{"@type":"ImageObject","inLanguage":"es","@id":"https:\/\/josefrancisco-lawyers.com\/es\/nuestros-abogados-2\/#primaryimage","url":"https:\/\/josefrancisco-lawyers.com\/wp-content\/uploads\/2023\/08\/jose-francisco.jpg","contentUrl":"https:\/\/josefrancisco-lawyers.com\/wp-content\/uploads\/2023\/08\/jose-francisco.jpg","width":500,"height":555,"caption":"Miami Personal Injury Attorney, Jose M. Francisco"},{"@type":"BreadcrumbList","@id":"https:\/\/josefrancisco-lawyers.com\/es\/nuestros-abogados-2\/#breadcrumb","itemListElement":[{"@type":"ListItem","position":1,"name":"Home","item":"https:\/\/josefrancisco-lawyers.com\/es\/"},{"@type":"ListItem","position":2,"name":"Nuestros Abogados"}]},{"@type":"WebSite","@id":"https:\/\/josefrancisco-lawyers.com\/es\/#website","url":"https:\/\/josefrancisco-lawyers.com\/es\/","name":"Miami Personal Injury Lawyers | Jose M. Francisco","description":"","publisher":{"@id":"https:\/\/josefrancisco-lawyers.com\/es\/#organization"},"potentialAction":[{"@type":"SearchAction","target":{"@type":"EntryPoint","urlTemplate":"https:\/\/josefrancisco-lawyers.com\/es\/?s={search_term_string}"},"query-input":{"@type":"PropertyValueSpecification","valueRequired":true,"valueName":"search_term_string"}}],"inLanguage":"es"},{"@type":["Organization","Place"],"@id":"https:\/\/josefrancisco-lawyers.com\/es\/#organization","name":"The Law Offices of Jose M. Francisco","url":"https:\/\/josefrancisco-lawyers.com\/es\/","logo":{"@id":"https:\/\/josefrancisco-lawyers.com\/es\/nuestros-abogados-2\/#local-main-organization-logo"},"image":{"@id":"https:\/\/josefrancisco-lawyers.com\/es\/nuestros-abogados-2\/#local-main-organization-logo"},"sameAs":["https:\/\/www.facebook.com\/JoseFranciscoAttorney","https:\/\/www.youtube.com\/@lawofficesofjosefrancisco"],"description":"Accident attorneys serving Miami, Hialeah, Broward, and Palm Beach, Florida","legalName":"Law Offices of Jose M. Francisco","foundingDate":"1991-01-01","numberOfEmployees":{"@type":"QuantitativeValue","minValue":"1","maxValue":"10"},"address":{"@id":"https:\/\/josefrancisco-lawyers.com\/es\/nuestros-abogados-2\/#local-main-place-address"},"geo":{"@type":"GeoCoordinates","latitude":"25.7690857","longitude":"-80.3380914"},"telephone":["305-649-5060","954-649-5060"],"openingHoursSpecification":{"@type":"OpeningHoursSpecification","dayOfWeek":["Monday","Tuesday","Wednesday","Thursday","Friday","Saturday","Sunday"],"opens":"00:00","closes":"23:59"},"areaServed":"Miami, Hialeah, Homestead, Broward, Doral, Palm Beach"},{"@type":"PostalAddress","@id":"https:\/\/josefrancisco-lawyers.com\/es\/nuestros-abogados-2\/#local-main-place-address","streetAddress":"8660 W. Flagler Street, Suite 100","addressLocality":"Miami","postalCode":"33144","addressRegion":"Florida","addressCountry":"US"},{"@type":"ImageObject","inLanguage":"es","@id":"https:\/\/josefrancisco-lawyers.com\/es\/nuestros-abogados-2\/#local-main-organization-logo","url":"https:\/\/josefrancisco-lawyers.com\/wp-content\/uploads\/2024\/11\/Jose-Francisco.jpg","contentUrl":"https:\/\/josefrancisco-lawyers.com\/wp-content\/uploads\/2024\/11\/Jose-Francisco.jpg","width":500,"height":568,"caption":"The Law Offices of Jose M. Francisco"}]},"geo.placename":"Miami","geo.position":{"lat":"25.7690857","long":"-80.3380914"},"geo.region":"Estados Unidos (EEUU)"},"_links":{"self":[{"href":"https:\/\/josefrancisco-lawyers.com\/es\/wp-json\/wp\/v2\/pages\/2675","targetHints":{"allow":["GET"]}}],"collection":[{"href":"https:\/\/josefrancisco-lawyers.com\/es\/wp-json\/wp\/v2\/pages"}],"about":[{"href":"https:\/\/josefrancisco-lawyers.com\/es\/wp-json\/wp\/v2\/types\/page"}],"author":[{"embeddable":true,"href":"https:\/\/josefrancisco-lawyers.com\/es\/wp-json\/wp\/v2\/users\/4"}],"replies":[{"embeddable":true,"href":"https:\/\/josefrancisco-lawyers.com\/es\/wp-json\/wp\/v2\/comments?post=2675"}],"version-history":[{"count":0,"href":"https:\/\/josefrancisco-lawyers.com\/es\/wp-json\/wp\/v2\/pages\/2675\/revisions"}],"wp:featuredmedia":[{"embeddable":true,"href":"https:\/\/josefrancisco-lawyers.com\/es\/wp-json\/wp\/v2\/media\/2603"}],"wp:attachment":[{"href":"https:\/\/josefrancisco-lawyers.com\/es\/wp-json\/wp\/v2\/media?parent=2675"}],"curies":[{"name":"wp","href":"https:\/\/api.w.org\/{rel}","templated":true}]}}