{"id":2980,"date":"2024-09-20T09:24:05","date_gmt":"2024-09-20T16:24:05","guid":{"rendered":"https:\/\/josefrancisco-lawyers.com\/?page_id=2980"},"modified":"2024-09-20T09:44:51","modified_gmt":"2024-09-20T16:44:51","slug":"abogados-de-accidentes-laborales-en-miami-beach","status":"publish","type":"page","link":"https:\/\/josefrancisco-lawyers.com\/es\/abogados-de-accidentes-laborales-en-miami-beach\/","title":{"rendered":"Abogados de Accidentes Laborales en Miami Beach"},"content":{"rendered":"<section class=\"l-section wpb_row us_custom_c8126237 hide_on_mobiles height_medium\"><div class=\"l-section-h i-cf\"><div class=\"g-cols vc_row via_grid cols_1 laptops-cols_inherit tablets-cols_inherit mobiles-cols_1 valign_top type_default stacking_default\"><div class=\"wpb_column vc_column_container\"><div class=\"vc_column-inner\"><\/div><\/div><\/div><\/div><\/section><section class=\"l-section wpb_row height_auto width_full\"><div class=\"l-section-h i-cf\"><div class=\"g-cols vc_row via_grid cols_3-1 laptops-cols_3-1 tablets-cols_2 mobiles-cols_1 valign_top type_default reversed\" style=\"--columns-gap:0rem;\"><div class=\"wpb_column vc_column_container us_custom_73f3c780 has_bg_color\"><div class=\"vc_column-inner\"><div class=\"wpb_text_column\"><div class=\"wpb_wrapper\"><h1><strong>Abogados de Accidentes Laborales en Miami Beach<\/strong><\/h1>\n<p><strong>\u00bfSe lesion\u00f3 en el trabajo en Miami Beach? <\/strong>Las Oficinas Legales de Jos\u00e9 M. Francisco est\u00e1n aqu\u00ed para ayudar. Hemos estado defendiendo los derechos de las v\u00edctimas de accidentes laborales durante m\u00e1s de 30 a\u00f1os, y estamos preparados para luchar incansablemente para garantizar que reciba la compensaci\u00f3n completa a la que tiene derecho seg\u00fan las leyes de <a href=\"https:\/\/josefrancisco-lawyers.com\/es\/abogado-de-accidentes-de-trabajo-en-miami\/\">compensaci\u00f3n para trabajadores de Florida<\/a>.<\/p>\n<h2><strong>Conozca Sus Derechos<\/strong><\/h2>\n<p>Todos los trabajadores en Miami Beach, Florida, tienen derecho a presentar un reclamo de <a href=\"https:\/\/josefrancisco-lawyers.com\/es\/abogado-de-accidentes-de-trabajo-en-miami\/\">compensaci\u00f3n para trabajadores despu\u00e9s de un accidente laboral<\/a>. Esto incluye:<\/p>\n<ul>\n<li><strong>Todos los empleados: <\/strong>Ya sea que sea un empleado de tiempo completo, un trabajador de medio tiempo o incluso indocumentado, tiene derecho a buscar una compensaci\u00f3n.<\/li>\n<li><strong>Todo tipo de accidentes: <\/strong>Desde resbalones y ca\u00eddas hasta accidentes en sitios de construcci\u00f3n, nos encargamos de todo.<\/li>\n<li><strong>Trabajadores pagados en efectivo: <\/strong>Incluso si te pagan por debajo de la mesa, sigues estando protegido.<\/li>\n<li><strong>Reclamaciones de terceros: <\/strong>Si alguien que no sea su empleador contribuy\u00f3 a su lesi\u00f3n, podemos buscar una compensaci\u00f3n adicional.<\/li>\n<\/ul>\n<h2><strong>No Se Deje Intimidar<\/strong><\/h2>\n<p>Desafortunadamente, algunos empleadores tratan de disuadir a los trabajadores lesionados de presentar reclamos. Pueden amenazar su seguridad laboral o difundir informaci\u00f3n err\u00f3nea sobre las leyes de compensaci\u00f3n para trabajadores de Florida. No caigas en estas t\u00e1cticas de miedo. Usted tiene derecho a buscar una compensaci\u00f3n por sus lesiones.<\/p>\n<h2><strong>Evite Errores Costosos<\/strong><\/h2>\n<p>Despu\u00e9s de un accidente, su empleador podr\u00eda tratar de minimizar la situaci\u00f3n o incluso presionarlo para que mienta sobre lo que sucedi\u00f3. Recuerde, cualquier cosa que diga puede ser usada en su contra m\u00e1s adelante. Es fundamental consultar con un abogado de accidentes laborales de Miami Beach antes de hacer cualquier declaraci\u00f3n o firmar cualquier documento.<\/p>\n<h2><strong>\u00bfC\u00f3mo Podemos Ayudar?<\/strong><\/h2>\n<ul>\n<li><strong>Investigando su accidente: <\/strong>Reuniremos pruebas y construiremos un caso s\u00f3lido en su nombre.<\/li>\n<li><strong>Manejar toda la comunicaci\u00f3n: <\/strong>Trataremos con la compa\u00f1\u00eda de seguros y su empleador para que pueda concentrarse en la recuperaci\u00f3n.<\/li>\n<li><strong>Negociar un acuerdo justo: <\/strong>Lucharemos para conseguirle la m\u00e1xima compensaci\u00f3n posible.<\/li>\n<li><strong>Representarlo en la corte: <\/strong>Si es necesario, llevaremos su caso a juicio.<\/li>\n<\/ul>\n<h2><strong>Revisi\u00f3n Gratuita del Caso<\/strong><\/h2>\n<p>Si ha resultado lesionado en un accidente laboral en Miami Beach, <a href=\"https:\/\/josefrancisco-lawyers.com\/es\/contacte-con-nosotros\/\">comun\u00edquese con las Oficinas Legales de Jos\u00e9 M. Francisco hoy para una revisi\u00f3n gratuita de su caso<\/a>. Estamos aqu\u00ed para proteger sus derechos y ayudarlo a recuperarse mientras lucha por la compensaci\u00f3n que se merece.<\/p>\n<p>&nbsp;<\/p>\n<p><strong>Art\u00edculos Recomendados:<\/strong><\/p>\n<p><a class=\"sc-cBIjbw bLUVIX\" href=\"https:\/\/josefrancisco-lawyers.com\/es\/blog\/cuanto-vale-mi-accidente-laboral-una-guia-de-abogados-de-accidentes-de-trabajo-en-miami\/\" target=\"_blank\" rel=\"noopener\">\u00bfCu\u00e1nto Vale Mi Accidente Laboral? Una Gu\u00eda de Abogados de Accidentes de Trabajo en Miami<\/a><\/p>\n<p><a class=\"sc-cBIjbw bLUVIX\" href=\"https:\/\/josefrancisco-lawyers.com\/es\/blog\/calculando-su-indemnizacion-por-lesiones-laborales-en-florida\/\" target=\"_blank\" rel=\"noopener\">Calculando su Indemnizaci\u00f3n por Lesiones Laborales en Florida<\/a><\/p>\n<p><a class=\"sc-cBIjbw bLUVIX\" href=\"https:\/\/josefrancisco-lawyers.com\/es\/abogado-de-accidentes-laborales-en-miami\/\" target=\"_blank\" rel=\"noopener\">Abogado de Accidentes Laborales en Miami<\/a><\/p>\n<p><a class=\"sc-cBIjbw bLUVIX\" href=\"https:\/\/josefrancisco-lawyers.com\/es\/blog\/se-lesiono-en-el-trabajo-en-miami-asegure-la-compensacion-que-usted-merece-trabajando-con-un-abogado-de-lesiones-laborales-de-miami-de-primera-categoria\/\" target=\"_blank\" rel=\"noopener\">\u00bfSe lesion\u00f3 en el Trabajo en Miami? Asegure la Compensaci\u00f3n que Usted Merece Trabajando con un Abogado de Lesiones Laborales de Miami de Primera Categor\u00eda<\/a><\/p>\n<p><a class=\"sc-cBIjbw bLUVIX\" href=\"https:\/\/josefrancisco-lawyers.com\/es\/blog\/errores-comunes-despues-de-sufrir-lesiones-laborales-lo-que-los-trabajadores-de-florida-deben-evitar\/\" target=\"_blank\" rel=\"noopener\">Errores comunes despu\u00e9s de sufrir lesiones laborales: lo que los trabajadores de Florida deben evitar<\/a><\/p>\n<p><a class=\"sc-cBIjbw bLUVIX\" href=\"https:\/\/josefrancisco-lawyers.com\/es\/abogado-de-accidentes-en-miami-broward-y-palm-beach\/\" target=\"_blank\" rel=\"noopener\">Abogados de Accidentes en Miami, Broward y Palm Beach<\/a><\/p>\n<\/div><\/div><\/div><\/div><div class=\"wpb_column vc_column_container us_custom_7d952c5e has_bg_color type_sticky\"><div class=\"vc_column-inner\"><div class=\"w-image us_custom_3b76de05 align_center\"><div class=\"w-image-h\"><img decoding=\"async\" width=\"500\" height=\"555\" src=\"https:\/\/josefrancisco-lawyers.com\/wp-content\/uploads\/2023\/08\/jose-francisco.jpg\" class=\"attachment-large size-large\" alt=\"Miami Personal Injury Attorney, Jose M. Francisco\" loading=\"lazy\" srcset=\"https:\/\/josefrancisco-lawyers.com\/wp-content\/uploads\/2023\/08\/jose-francisco.jpg 500w, https:\/\/josefrancisco-lawyers.com\/wp-content\/uploads\/2023\/08\/jose-francisco-270x300.jpg 270w\" sizes=\"auto, (max-width: 500px) 100vw, 500px\" \/><\/div><\/div><div class=\"w-text us_custom_eb849559\"><span class=\"w-text-h\"><span class=\"w-text-value\">Jose M. Francisco<\/span><\/span><\/div><div class=\"w-separator size_small\"><\/div><div class=\"w-btn-wrapper align_center\"><a class=\"w-btn us-btn-style_1 us_custom_f73f4019\" href=\"https:\/\/josefrancisco-lawyers.com\/es\/contacte-con-nosotros\/\"><span class=\"w-btn-label\">Gratis evaluaci\u00f3n de caso<\/span><\/a><\/div><div class=\"w-image us_custom_ec1e580b align_center\"><div class=\"w-image-h\"><img decoding=\"async\" width=\"144\" height=\"144\" src=\"https:\/\/josefrancisco-lawyers.com\/wp-content\/uploads\/2023\/08\/mmdaf-blk.png\" class=\"attachment-large size-large\" alt=\"Million Dollar Advocates Forum\" loading=\"lazy\" \/><\/div><\/div><\/div><\/div><\/div><\/div><\/section><section class=\"l-section wpb_row height_small width_custom\" style=\"--site-content-width:1380px;\"><div class=\"l-section-h i-cf\"><div class=\"g-cols vc_row via_grid cols_1 laptops-cols_inherit tablets-cols_inherit mobiles-cols_1 valign_top type_default stacking_default\" style=\"--columns-gap:1rem;\"><div class=\"wpb_column vc_column_container\"><div class=\"vc_column-inner\"><\/div><\/div><\/div><\/div><\/section>\n","protected":false},"excerpt":{"rendered":"Abogados de Accidentes Laborales en Miami Beach \u00bfSe lesion\u00f3 en el trabajo en Miami Beach? Las Oficinas Legales de Jos\u00e9 M. Francisco est\u00e1n aqu\u00ed para ayudar. Hemos estado defendiendo los derechos de las v\u00edctimas de accidentes laborales durante m\u00e1s de 30 a\u00f1os, y estamos preparados para luchar incansablemente para garantizar que reciba la compensaci\u00f3n completa...","protected":false},"author":1,"featured_media":2603,"parent":0,"menu_order":18,"comment_status":"closed","ping_status":"closed","template":"","meta":{"footnotes":""},"class_list":["post-2980","page","type-page","status-publish","has-post-thumbnail","hentry"],"yoast_head":"<!-- This site is optimized with the Yoast SEO Premium plugin v27.0 (Yoast SEO v27.0) - https:\/\/yoast.com\/product\/yoast-seo-premium-wordpress\/ -->\n<title>Abogados de Accidentes Laborales en Miami Beach | Jose M. Francisco<\/title>\n<meta name=\"description\" content=\"Si ha resultado lesionado en un accidente laboral en Miami Beach, comun\u00edquese con las Oficinas Legales de Jos\u00e9 M. Francisco hoy para una revisi\u00f3n gratuita de su caso.\" \/>\n<meta name=\"robots\" content=\"index, follow, max-snippet:-1, max-image-preview:large, max-video-preview:-1\" \/>\n<link rel=\"canonical\" href=\"https:\/\/josefrancisco-lawyers.com\/es\/abogados-de-accidentes-laborales-en-miami-beach\/\" \/>\n<meta property=\"og:locale\" content=\"es_ES\" \/>\n<meta property=\"og:type\" content=\"article\" \/>\n<meta property=\"og:title\" content=\"Abogados de Accidentes Laborales en Miami Beach\" \/>\n<meta property=\"og:description\" content=\"Si ha resultado lesionado en un accidente laboral en Miami Beach, comun\u00edquese con las Oficinas Legales de Jos\u00e9 M. Francisco hoy para una revisi\u00f3n gratuita de su caso.\" \/>\n<meta property=\"og:url\" content=\"https:\/\/josefrancisco-lawyers.com\/es\/abogados-de-accidentes-laborales-en-miami-beach\/\" \/>\n<meta property=\"og:site_name\" content=\"Jose M. Francisco\" \/>\n<meta property=\"article:publisher\" content=\"https:\/\/www.facebook.com\/JoseFranciscoAttorney\" \/>\n<meta property=\"article:modified_time\" content=\"2024-09-20T16:44:51+00:00\" \/>\n<meta property=\"og:image\" content=\"https:\/\/josefrancisco-lawyers.com\/wp-content\/uploads\/2023\/08\/jose-francisco.jpg\" \/>\n\t<meta property=\"og:image:width\" content=\"500\" \/>\n\t<meta property=\"og:image:height\" content=\"555\" \/>\n\t<meta property=\"og:image:type\" content=\"image\/jpeg\" \/>\n<meta name=\"twitter:card\" content=\"summary_large_image\" \/>\n<meta name=\"twitter:label1\" content=\"Tiempo de lectura\" \/>\n\t<meta name=\"twitter:data1\" content=\"3 minutos\" \/>\n<script type=\"application\/ld+json\" class=\"yoast-schema-graph\">{\"@context\":\"https:\/\/schema.org\",\"@graph\":[{\"@type\":\"WebPage\",\"@id\":\"https:\/\/josefrancisco-lawyers.com\/es\/abogados-de-accidentes-laborales-en-miami-beach\/\",\"url\":\"https:\/\/josefrancisco-lawyers.com\/es\/abogados-de-accidentes-laborales-en-miami-beach\/\",\"name\":\"Abogados de Accidentes Laborales en Miami Beach | Jose M. Francisco\",\"isPartOf\":{\"@id\":\"https:\/\/josefrancisco-lawyers.com\/es\/#website\"},\"primaryImageOfPage\":{\"@id\":\"https:\/\/josefrancisco-lawyers.com\/es\/abogados-de-accidentes-laborales-en-miami-beach\/#primaryimage\"},\"image\":{\"@id\":\"https:\/\/josefrancisco-lawyers.com\/es\/abogados-de-accidentes-laborales-en-miami-beach\/#primaryimage\"},\"thumbnailUrl\":\"https:\/\/josefrancisco-lawyers.com\/wp-content\/uploads\/2023\/08\/jose-francisco.jpg\",\"datePublished\":\"2024-09-20T16:24:05+00:00\",\"dateModified\":\"2024-09-20T16:44:51+00:00\",\"description\":\"Si ha resultado lesionado en un accidente laboral en Miami Beach, comun\u00edquese con las Oficinas Legales de Jos\u00e9 M. Francisco hoy para una revisi\u00f3n gratuita de su caso.\",\"breadcrumb\":{\"@id\":\"https:\/\/josefrancisco-lawyers.com\/es\/abogados-de-accidentes-laborales-en-miami-beach\/#breadcrumb\"},\"inLanguage\":\"es\",\"potentialAction\":[{\"@type\":\"ReadAction\",\"target\":[\"https:\/\/josefrancisco-lawyers.com\/es\/abogados-de-accidentes-laborales-en-miami-beach\/\"]}]},{\"@type\":\"ImageObject\",\"inLanguage\":\"es\",\"@id\":\"https:\/\/josefrancisco-lawyers.com\/es\/abogados-de-accidentes-laborales-en-miami-beach\/#primaryimage\",\"url\":\"https:\/\/josefrancisco-lawyers.com\/wp-content\/uploads\/2023\/08\/jose-francisco.jpg\",\"contentUrl\":\"https:\/\/josefrancisco-lawyers.com\/wp-content\/uploads\/2023\/08\/jose-francisco.jpg\",\"width\":500,\"height\":555,\"caption\":\"Miami Personal Injury Attorney, Jose M. Francisco\"},{\"@type\":\"BreadcrumbList\",\"@id\":\"https:\/\/josefrancisco-lawyers.com\/es\/abogados-de-accidentes-laborales-en-miami-beach\/#breadcrumb\",\"itemListElement\":[{\"@type\":\"ListItem\",\"position\":1,\"name\":\"Home\",\"item\":\"https:\/\/josefrancisco-lawyers.com\/es\/\"},{\"@type\":\"ListItem\",\"position\":2,\"name\":\"Abogados de Accidentes Laborales en Miami Beach\"}]},{\"@type\":\"WebSite\",\"@id\":\"https:\/\/josefrancisco-lawyers.com\/es\/#website\",\"url\":\"https:\/\/josefrancisco-lawyers.com\/es\/\",\"name\":\"Miami Personal Injury Lawyers | Jose M. Francisco\",\"description\":\"\",\"publisher\":{\"@id\":\"https:\/\/josefrancisco-lawyers.com\/es\/#organization\"},\"potentialAction\":[{\"@type\":\"SearchAction\",\"target\":{\"@type\":\"EntryPoint\",\"urlTemplate\":\"https:\/\/josefrancisco-lawyers.com\/es\/?s={search_term_string}\"},\"query-input\":{\"@type\":\"PropertyValueSpecification\",\"valueRequired\":true,\"valueName\":\"search_term_string\"}}],\"inLanguage\":\"es\"},{\"@type\":[\"Organization\",\"Place\"],\"@id\":\"https:\/\/josefrancisco-lawyers.com\/es\/#organization\",\"name\":\"The Law Offices of Jose M. Francisco\",\"url\":\"https:\/\/josefrancisco-lawyers.com\/es\/\",\"logo\":{\"@id\":\"https:\/\/josefrancisco-lawyers.com\/es\/abogados-de-accidentes-laborales-en-miami-beach\/#local-main-organization-logo\"},\"image\":{\"@id\":\"https:\/\/josefrancisco-lawyers.com\/es\/abogados-de-accidentes-laborales-en-miami-beach\/#local-main-organization-logo\"},\"sameAs\":[\"https:\/\/www.facebook.com\/JoseFranciscoAttorney\",\"https:\/\/www.youtube.com\/@lawofficesofjosefrancisco\"],\"description\":\"Accident attorneys serving Miami, Hialeah, Broward, and Palm Beach, Florida\",\"legalName\":\"Law Offices of Jose M. Francisco\",\"foundingDate\":\"1991-01-01\",\"numberOfEmployees\":{\"@type\":\"QuantitativeValue\",\"minValue\":\"1\",\"maxValue\":\"10\"},\"address\":{\"@id\":\"https:\/\/josefrancisco-lawyers.com\/es\/abogados-de-accidentes-laborales-en-miami-beach\/#local-main-place-address\"},\"geo\":{\"@type\":\"GeoCoordinates\",\"latitude\":\"25.7690857\",\"longitude\":\"-80.3380914\"},\"telephone\":[\"305-649-5060\",\"954-649-5060\"],\"openingHoursSpecification\":{\"@type\":\"OpeningHoursSpecification\",\"dayOfWeek\":[\"Monday\",\"Tuesday\",\"Wednesday\",\"Thursday\",\"Friday\",\"Saturday\",\"Sunday\"],\"opens\":\"00:00\",\"closes\":\"23:59\"},\"areaServed\":\"Miami, Hialeah, Homestead, Broward, Doral, Palm Beach\"},{\"@type\":\"PostalAddress\",\"@id\":\"https:\/\/josefrancisco-lawyers.com\/es\/abogados-de-accidentes-laborales-en-miami-beach\/#local-main-place-address\",\"streetAddress\":\"8660 W. Flagler Street, Suite 100\",\"addressLocality\":\"Miami\",\"postalCode\":\"33144\",\"addressRegion\":\"Florida\",\"addressCountry\":\"US\"},{\"@type\":\"ImageObject\",\"inLanguage\":\"es\",\"@id\":\"https:\/\/josefrancisco-lawyers.com\/es\/abogados-de-accidentes-laborales-en-miami-beach\/#local-main-organization-logo\",\"url\":\"https:\/\/josefrancisco-lawyers.com\/wp-content\/uploads\/2024\/11\/Jose-Francisco.jpg\",\"contentUrl\":\"https:\/\/josefrancisco-lawyers.com\/wp-content\/uploads\/2024\/11\/Jose-Francisco.jpg\",\"width\":500,\"height\":568,\"caption\":\"The Law Offices of Jose M. Francisco\"}]}<\/script>\n<meta name=\"geo.placename\" content=\"Miami\" \/>\n<meta name=\"geo.position\" content=\"25.7690857;-80.3380914\" \/>\n<meta name=\"geo.region\" content=\"Estados Unidos (EEUU)\" \/>\n<!-- \/ Yoast SEO Premium plugin. -->","yoast_head_json":{"title":"Abogados de Accidentes Laborales en Miami Beach | Jose M. Francisco","description":"Si ha resultado lesionado en un accidente laboral en Miami Beach, comun\u00edquese con las Oficinas Legales de Jos\u00e9 M. Francisco hoy para una revisi\u00f3n gratuita de su caso.","robots":{"index":"index","follow":"follow","max-snippet":"max-snippet:-1","max-image-preview":"max-image-preview:large","max-video-preview":"max-video-preview:-1"},"canonical":"https:\/\/josefrancisco-lawyers.com\/es\/abogados-de-accidentes-laborales-en-miami-beach\/","og_locale":"es_ES","og_type":"article","og_title":"Abogados de Accidentes Laborales en Miami Beach","og_description":"Si ha resultado lesionado en un accidente laboral en Miami Beach, comun\u00edquese con las Oficinas Legales de Jos\u00e9 M. Francisco hoy para una revisi\u00f3n gratuita de su caso.","og_url":"https:\/\/josefrancisco-lawyers.com\/es\/abogados-de-accidentes-laborales-en-miami-beach\/","og_site_name":"Jose M. Francisco","article_publisher":"https:\/\/www.facebook.com\/JoseFranciscoAttorney","article_modified_time":"2024-09-20T16:44:51+00:00","og_image":[{"width":500,"height":555,"url":"https:\/\/josefrancisco-lawyers.com\/wp-content\/uploads\/2023\/08\/jose-francisco.jpg","type":"image\/jpeg"}],"twitter_card":"summary_large_image","twitter_misc":{"Tiempo de lectura":"3 minutos"},"schema":{"@context":"https:\/\/schema.org","@graph":[{"@type":"WebPage","@id":"https:\/\/josefrancisco-lawyers.com\/es\/abogados-de-accidentes-laborales-en-miami-beach\/","url":"https:\/\/josefrancisco-lawyers.com\/es\/abogados-de-accidentes-laborales-en-miami-beach\/","name":"Abogados de Accidentes Laborales en Miami Beach | Jose M. Francisco","isPartOf":{"@id":"https:\/\/josefrancisco-lawyers.com\/es\/#website"},"primaryImageOfPage":{"@id":"https:\/\/josefrancisco-lawyers.com\/es\/abogados-de-accidentes-laborales-en-miami-beach\/#primaryimage"},"image":{"@id":"https:\/\/josefrancisco-lawyers.com\/es\/abogados-de-accidentes-laborales-en-miami-beach\/#primaryimage"},"thumbnailUrl":"https:\/\/josefrancisco-lawyers.com\/wp-content\/uploads\/2023\/08\/jose-francisco.jpg","datePublished":"2024-09-20T16:24:05+00:00","dateModified":"2024-09-20T16:44:51+00:00","description":"Si ha resultado lesionado en un accidente laboral en Miami Beach, comun\u00edquese con las Oficinas Legales de Jos\u00e9 M. Francisco hoy para una revisi\u00f3n gratuita de su caso.","breadcrumb":{"@id":"https:\/\/josefrancisco-lawyers.com\/es\/abogados-de-accidentes-laborales-en-miami-beach\/#breadcrumb"},"inLanguage":"es","potentialAction":[{"@type":"ReadAction","target":["https:\/\/josefrancisco-lawyers.com\/es\/abogados-de-accidentes-laborales-en-miami-beach\/"]}]},{"@type":"ImageObject","inLanguage":"es","@id":"https:\/\/josefrancisco-lawyers.com\/es\/abogados-de-accidentes-laborales-en-miami-beach\/#primaryimage","url":"https:\/\/josefrancisco-lawyers.com\/wp-content\/uploads\/2023\/08\/jose-francisco.jpg","contentUrl":"https:\/\/josefrancisco-lawyers.com\/wp-content\/uploads\/2023\/08\/jose-francisco.jpg","width":500,"height":555,"caption":"Miami Personal Injury Attorney, Jose M. Francisco"},{"@type":"BreadcrumbList","@id":"https:\/\/josefrancisco-lawyers.com\/es\/abogados-de-accidentes-laborales-en-miami-beach\/#breadcrumb","itemListElement":[{"@type":"ListItem","position":1,"name":"Home","item":"https:\/\/josefrancisco-lawyers.com\/es\/"},{"@type":"ListItem","position":2,"name":"Abogados de Accidentes Laborales en Miami Beach"}]},{"@type":"WebSite","@id":"https:\/\/josefrancisco-lawyers.com\/es\/#website","url":"https:\/\/josefrancisco-lawyers.com\/es\/","name":"Miami Personal Injury Lawyers | Jose M. Francisco","description":"","publisher":{"@id":"https:\/\/josefrancisco-lawyers.com\/es\/#organization"},"potentialAction":[{"@type":"SearchAction","target":{"@type":"EntryPoint","urlTemplate":"https:\/\/josefrancisco-lawyers.com\/es\/?s={search_term_string}"},"query-input":{"@type":"PropertyValueSpecification","valueRequired":true,"valueName":"search_term_string"}}],"inLanguage":"es"},{"@type":["Organization","Place"],"@id":"https:\/\/josefrancisco-lawyers.com\/es\/#organization","name":"The Law Offices of Jose M. Francisco","url":"https:\/\/josefrancisco-lawyers.com\/es\/","logo":{"@id":"https:\/\/josefrancisco-lawyers.com\/es\/abogados-de-accidentes-laborales-en-miami-beach\/#local-main-organization-logo"},"image":{"@id":"https:\/\/josefrancisco-lawyers.com\/es\/abogados-de-accidentes-laborales-en-miami-beach\/#local-main-organization-logo"},"sameAs":["https:\/\/www.facebook.com\/JoseFranciscoAttorney","https:\/\/www.youtube.com\/@lawofficesofjosefrancisco"],"description":"Accident attorneys serving Miami, Hialeah, Broward, and Palm Beach, Florida","legalName":"Law Offices of Jose M. Francisco","foundingDate":"1991-01-01","numberOfEmployees":{"@type":"QuantitativeValue","minValue":"1","maxValue":"10"},"address":{"@id":"https:\/\/josefrancisco-lawyers.com\/es\/abogados-de-accidentes-laborales-en-miami-beach\/#local-main-place-address"},"geo":{"@type":"GeoCoordinates","latitude":"25.7690857","longitude":"-80.3380914"},"telephone":["305-649-5060","954-649-5060"],"openingHoursSpecification":{"@type":"OpeningHoursSpecification","dayOfWeek":["Monday","Tuesday","Wednesday","Thursday","Friday","Saturday","Sunday"],"opens":"00:00","closes":"23:59"},"areaServed":"Miami, Hialeah, Homestead, Broward, Doral, Palm Beach"},{"@type":"PostalAddress","@id":"https:\/\/josefrancisco-lawyers.com\/es\/abogados-de-accidentes-laborales-en-miami-beach\/#local-main-place-address","streetAddress":"8660 W. Flagler Street, Suite 100","addressLocality":"Miami","postalCode":"33144","addressRegion":"Florida","addressCountry":"US"},{"@type":"ImageObject","inLanguage":"es","@id":"https:\/\/josefrancisco-lawyers.com\/es\/abogados-de-accidentes-laborales-en-miami-beach\/#local-main-organization-logo","url":"https:\/\/josefrancisco-lawyers.com\/wp-content\/uploads\/2024\/11\/Jose-Francisco.jpg","contentUrl":"https:\/\/josefrancisco-lawyers.com\/wp-content\/uploads\/2024\/11\/Jose-Francisco.jpg","width":500,"height":568,"caption":"The Law Offices of Jose M. Francisco"}]},"geo.placename":"Miami","geo.position":{"lat":"25.7690857","long":"-80.3380914"},"geo.region":"Estados Unidos (EEUU)"},"_links":{"self":[{"href":"https:\/\/josefrancisco-lawyers.com\/es\/wp-json\/wp\/v2\/pages\/2980","targetHints":{"allow":["GET"]}}],"collection":[{"href":"https:\/\/josefrancisco-lawyers.com\/es\/wp-json\/wp\/v2\/pages"}],"about":[{"href":"https:\/\/josefrancisco-lawyers.com\/es\/wp-json\/wp\/v2\/types\/page"}],"author":[{"embeddable":true,"href":"https:\/\/josefrancisco-lawyers.com\/es\/wp-json\/wp\/v2\/users\/1"}],"replies":[{"embeddable":true,"href":"https:\/\/josefrancisco-lawyers.com\/es\/wp-json\/wp\/v2\/comments?post=2980"}],"version-history":[{"count":0,"href":"https:\/\/josefrancisco-lawyers.com\/es\/wp-json\/wp\/v2\/pages\/2980\/revisions"}],"wp:featuredmedia":[{"embeddable":true,"href":"https:\/\/josefrancisco-lawyers.com\/es\/wp-json\/wp\/v2\/media\/2603"}],"wp:attachment":[{"href":"https:\/\/josefrancisco-lawyers.com\/es\/wp-json\/wp\/v2\/media?parent=2980"}],"curies":[{"name":"wp","href":"https:\/\/api.w.org\/{rel}","templated":true}]}}