{"id":3005,"date":"2024-10-14T13:13:49","date_gmt":"2024-10-14T20:13:49","guid":{"rendered":"https:\/\/josefrancisco-lawyers.com\/abogados-de-accidentes-automovilisticos-en-doral-florida\/"},"modified":"2024-10-14T13:22:04","modified_gmt":"2024-10-14T20:22:04","slug":"abogados-de-accidentes-automovilisticos-en-doral-florida","status":"publish","type":"page","link":"https:\/\/josefrancisco-lawyers.com\/es\/abogados-de-accidentes-automovilisticos-en-doral-florida\/","title":{"rendered":"Abogados de Accidentes Automovil\u00edsticos en Doral, Florida"},"content":{"rendered":"<section class=\"l-section wpb_row us_custom_f3a8f9b7 hide_on_mobiles height_medium\"><div class=\"l-section-h i-cf\"><div class=\"g-cols vc_row via_grid cols_1 laptops-cols_inherit tablets-cols_inherit mobiles-cols_1 valign_top type_default stacking_default\"><div class=\"wpb_column vc_column_container\"><div class=\"vc_column-inner\"><\/div><\/div><\/div><\/div><\/section><section class=\"l-section wpb_row height_auto width_full\"><div class=\"l-section-h i-cf\"><div class=\"g-cols vc_row via_grid cols_3-1 laptops-cols_3-1 tablets-cols_2 mobiles-cols_1 valign_top type_default reversed\" style=\"--columns-gap:0rem;\"><div class=\"wpb_column vc_column_container us_custom_73f3c780 has_bg_color\"><div class=\"vc_column-inner\"><div class=\"wpb_text_column\"><div class=\"wpb_wrapper\"><h1><strong>Abogados de Accidentes Automovil\u00edsticos en Doral, Florida<\/strong><\/h1>\n<p>Si ha resultado lesionado en un accidente automovil\u00edstico en Doral, Florida, las Oficinas Legales de Jos\u00e9 M. Francisco est\u00e1n aqu\u00ed para ayudarlo. Entendemos el costo f\u00edsico, emocional y financiero que pueden tener los accidentes, y estamos comprometidos a luchar por la compensaci\u00f3n que se merece.<\/p>\n<p><strong>Nuestros abogados de accidentes automovil\u00edsticos en Doral tienen una amplia experiencia en el manejo de una amplia gama de casos, que incluyen:<\/strong><\/p>\n<ul>\n<li>Accidentes automovil\u00edsticos<\/li>\n<li>Accidentes de camiones<\/li>\n<li>Accidentes de motocicleta<\/li>\n<li>Accidentes de peatones<\/li>\n<li>Accidentes de bicicleta<\/li>\n<li>Accidentes de viajes compartidos<\/li>\n<li>Accidentes de atropello y fuga<\/li>\n<\/ul>\n<p><strong>Entendemos que cada accidente es \u00fanico, por lo que adoptamos un enfoque personalizado para cada caso. <\/strong><strong>Trabajaremos incansablemente para:<\/strong><\/p>\n<ul>\n<li>Investigar el accidente y reunir pruebas<\/li>\n<li>Negociar con las compa\u00f1\u00edas de seguros<\/li>\n<li>Presentar una demanda si es necesario<\/li>\n<li>Representarlo en la corte<\/li>\n<\/ul>\n<p><strong>Lucharemos por su derecho a recuperar una compensaci\u00f3n por:<\/strong><\/p>\n<ul>\n<li>Gastos m\u00e9dicos<\/li>\n<li>Salarios perdidos<\/li>\n<li>Dolor y sufrimiento<\/li>\n<li>Angustia emocional<\/li>\n<li>Da\u00f1os a la propiedad<\/li>\n<\/ul>\n<p>No permita que las compa\u00f1\u00edas de seguros se aprovechen de usted. P\u00f3ngase en contacto con las Oficinas Legales de Jos\u00e9 M. Francisco hoy para una revisi\u00f3n gratuita de su caso.<\/p>\n<p>Atendemos a clientes en todo Doral, el condado de Miami-Dade y sus alrededores.<\/p>\n<\/div><\/div><\/div><\/div><div class=\"wpb_column vc_column_container us_custom_42d80ec5 has_bg_color type_sticky\"><div class=\"vc_column-inner\"><div class=\"w-image us_custom_3b76de05 align_center\"><div class=\"w-image-h\"><img decoding=\"async\" width=\"500\" height=\"555\" src=\"https:\/\/josefrancisco-lawyers.com\/wp-content\/uploads\/2023\/08\/jose-francisco.jpg\" class=\"attachment-large size-large\" alt=\"Miami Personal Injury Attorney, Jose M. Francisco\" loading=\"lazy\" srcset=\"https:\/\/josefrancisco-lawyers.com\/wp-content\/uploads\/2023\/08\/jose-francisco.jpg 500w, https:\/\/josefrancisco-lawyers.com\/wp-content\/uploads\/2023\/08\/jose-francisco-270x300.jpg 270w\" sizes=\"auto, (max-width: 500px) 100vw, 500px\" \/><\/div><\/div><div class=\"w-text us_custom_eb849559\"><span class=\"w-text-h\"><span class=\"w-text-value\">Jose M. Francisco<\/span><\/span><\/div><div class=\"w-separator size_small\"><\/div><div class=\"w-btn-wrapper align_center\"><a class=\"w-btn us-btn-style_1 us_custom_f73f4019\" href=\"https:\/\/josefrancisco-lawyers.com\/es\/contacte-con-nosotros\/\"><span class=\"w-btn-label\">Gratis evaluaci\u00f3n de caso<\/span><\/a><\/div><div class=\"w-image us_custom_ec1e580b align_center\"><div class=\"w-image-h\"><img decoding=\"async\" width=\"144\" height=\"144\" src=\"https:\/\/josefrancisco-lawyers.com\/wp-content\/uploads\/2023\/08\/mmdaf-blk.png\" class=\"attachment-large size-large\" alt=\"Million Dollar Advocates Forum\" loading=\"lazy\" \/><\/div><\/div><\/div><\/div><\/div><\/div><\/section>\n","protected":false},"excerpt":{"rendered":"Abogados de Accidentes Automovil\u00edsticos en Doral, Florida Si ha resultado lesionado en un accidente automovil\u00edstico en Doral, Florida, las Oficinas Legales de Jos\u00e9 M. Francisco est\u00e1n aqu\u00ed para ayudarlo. Entendemos el costo f\u00edsico, emocional y financiero que pueden tener los accidentes, y estamos comprometidos a luchar por la compensaci\u00f3n que se merece. Nuestros abogados de...","protected":false},"author":1,"featured_media":2603,"parent":0,"menu_order":18,"comment_status":"closed","ping_status":"closed","template":"","meta":{"footnotes":""},"class_list":["post-3005","page","type-page","status-publish","has-post-thumbnail","hentry"],"yoast_head":"<!-- This site is optimized with the Yoast SEO Premium plugin v27.0 (Yoast SEO v27.0) - https:\/\/yoast.com\/product\/yoast-seo-premium-wordpress\/ -->\n<title>Abogados de Accidentes Automovil\u00edsticos en Doral, Florida | Jose M. Francisco<\/title>\n<meta name=\"description\" content=\"Si ha resultado lesionado en un accidente automovil\u00edstico en Doral, Florida, las Oficinas Legales de Jos\u00e9 M. Francisco est\u00e1n aqu\u00ed para ayudarlo.\" \/>\n<meta name=\"robots\" content=\"index, follow, max-snippet:-1, max-image-preview:large, max-video-preview:-1\" \/>\n<link rel=\"canonical\" href=\"https:\/\/josefrancisco-lawyers.com\/es\/abogados-de-accidentes-automovilisticos-en-doral-florida\/\" \/>\n<meta property=\"og:locale\" content=\"es_ES\" \/>\n<meta property=\"og:type\" content=\"article\" \/>\n<meta property=\"og:title\" content=\"Abogados de Accidentes Automovil\u00edsticos en Doral, Florida\" \/>\n<meta property=\"og:description\" content=\"Si ha resultado lesionado en un accidente automovil\u00edstico en Doral, Florida, las Oficinas Legales de Jos\u00e9 M. Francisco est\u00e1n aqu\u00ed para ayudarlo.\" \/>\n<meta property=\"og:url\" content=\"https:\/\/josefrancisco-lawyers.com\/es\/abogados-de-accidentes-automovilisticos-en-doral-florida\/\" \/>\n<meta property=\"og:site_name\" content=\"Jose M. Francisco\" \/>\n<meta property=\"article:publisher\" content=\"https:\/\/www.facebook.com\/JoseFranciscoAttorney\" \/>\n<meta property=\"article:modified_time\" content=\"2024-10-14T20:22:04+00:00\" \/>\n<meta property=\"og:image\" content=\"https:\/\/josefrancisco-lawyers.com\/wp-content\/uploads\/2023\/08\/jose-francisco.jpg\" \/>\n\t<meta property=\"og:image:width\" content=\"500\" \/>\n\t<meta property=\"og:image:height\" content=\"555\" \/>\n\t<meta property=\"og:image:type\" content=\"image\/jpeg\" \/>\n<meta name=\"twitter:card\" content=\"summary_large_image\" \/>\n<meta name=\"twitter:label1\" content=\"Tiempo de lectura\" \/>\n\t<meta name=\"twitter:data1\" content=\"2 minutos\" \/>\n<script type=\"application\/ld+json\" class=\"yoast-schema-graph\">{\"@context\":\"https:\/\/schema.org\",\"@graph\":[{\"@type\":\"WebPage\",\"@id\":\"https:\/\/josefrancisco-lawyers.com\/es\/abogados-de-accidentes-automovilisticos-en-doral-florida\/\",\"url\":\"https:\/\/josefrancisco-lawyers.com\/es\/abogados-de-accidentes-automovilisticos-en-doral-florida\/\",\"name\":\"Abogados de Accidentes Automovil\u00edsticos en Doral, Florida | Jose M. Francisco\",\"isPartOf\":{\"@id\":\"https:\/\/josefrancisco-lawyers.com\/es\/#website\"},\"primaryImageOfPage\":{\"@id\":\"https:\/\/josefrancisco-lawyers.com\/es\/abogados-de-accidentes-automovilisticos-en-doral-florida\/#primaryimage\"},\"image\":{\"@id\":\"https:\/\/josefrancisco-lawyers.com\/es\/abogados-de-accidentes-automovilisticos-en-doral-florida\/#primaryimage\"},\"thumbnailUrl\":\"https:\/\/josefrancisco-lawyers.com\/wp-content\/uploads\/2023\/08\/jose-francisco.jpg\",\"datePublished\":\"2024-10-14T20:13:49+00:00\",\"dateModified\":\"2024-10-14T20:22:04+00:00\",\"description\":\"Si ha resultado lesionado en un accidente automovil\u00edstico en Doral, Florida, las Oficinas Legales de Jos\u00e9 M. Francisco est\u00e1n aqu\u00ed para ayudarlo.\",\"breadcrumb\":{\"@id\":\"https:\/\/josefrancisco-lawyers.com\/es\/abogados-de-accidentes-automovilisticos-en-doral-florida\/#breadcrumb\"},\"inLanguage\":\"es\",\"potentialAction\":[{\"@type\":\"ReadAction\",\"target\":[\"https:\/\/josefrancisco-lawyers.com\/es\/abogados-de-accidentes-automovilisticos-en-doral-florida\/\"]}]},{\"@type\":\"ImageObject\",\"inLanguage\":\"es\",\"@id\":\"https:\/\/josefrancisco-lawyers.com\/es\/abogados-de-accidentes-automovilisticos-en-doral-florida\/#primaryimage\",\"url\":\"https:\/\/josefrancisco-lawyers.com\/wp-content\/uploads\/2023\/08\/jose-francisco.jpg\",\"contentUrl\":\"https:\/\/josefrancisco-lawyers.com\/wp-content\/uploads\/2023\/08\/jose-francisco.jpg\",\"width\":500,\"height\":555,\"caption\":\"Miami Personal Injury Attorney, Jose M. Francisco\"},{\"@type\":\"BreadcrumbList\",\"@id\":\"https:\/\/josefrancisco-lawyers.com\/es\/abogados-de-accidentes-automovilisticos-en-doral-florida\/#breadcrumb\",\"itemListElement\":[{\"@type\":\"ListItem\",\"position\":1,\"name\":\"Home\",\"item\":\"https:\/\/josefrancisco-lawyers.com\/es\/\"},{\"@type\":\"ListItem\",\"position\":2,\"name\":\"Abogados de Accidentes Automovil\u00edsticos en Doral, Florida\"}]},{\"@type\":\"WebSite\",\"@id\":\"https:\/\/josefrancisco-lawyers.com\/es\/#website\",\"url\":\"https:\/\/josefrancisco-lawyers.com\/es\/\",\"name\":\"Miami Personal Injury Lawyers | Jose M. Francisco\",\"description\":\"\",\"publisher\":{\"@id\":\"https:\/\/josefrancisco-lawyers.com\/es\/#organization\"},\"potentialAction\":[{\"@type\":\"SearchAction\",\"target\":{\"@type\":\"EntryPoint\",\"urlTemplate\":\"https:\/\/josefrancisco-lawyers.com\/es\/?s={search_term_string}\"},\"query-input\":{\"@type\":\"PropertyValueSpecification\",\"valueRequired\":true,\"valueName\":\"search_term_string\"}}],\"inLanguage\":\"es\"},{\"@type\":[\"Organization\",\"Place\"],\"@id\":\"https:\/\/josefrancisco-lawyers.com\/es\/#organization\",\"name\":\"The Law Offices of Jose M. Francisco\",\"url\":\"https:\/\/josefrancisco-lawyers.com\/es\/\",\"logo\":{\"@id\":\"https:\/\/josefrancisco-lawyers.com\/es\/abogados-de-accidentes-automovilisticos-en-doral-florida\/#local-main-organization-logo\"},\"image\":{\"@id\":\"https:\/\/josefrancisco-lawyers.com\/es\/abogados-de-accidentes-automovilisticos-en-doral-florida\/#local-main-organization-logo\"},\"sameAs\":[\"https:\/\/www.facebook.com\/JoseFranciscoAttorney\",\"https:\/\/www.youtube.com\/@lawofficesofjosefrancisco\"],\"description\":\"Accident attorneys serving Miami, Hialeah, Broward, and Palm Beach, Florida\",\"legalName\":\"Law Offices of Jose M. Francisco\",\"foundingDate\":\"1991-01-01\",\"numberOfEmployees\":{\"@type\":\"QuantitativeValue\",\"minValue\":\"1\",\"maxValue\":\"10\"},\"address\":{\"@id\":\"https:\/\/josefrancisco-lawyers.com\/es\/abogados-de-accidentes-automovilisticos-en-doral-florida\/#local-main-place-address\"},\"geo\":{\"@type\":\"GeoCoordinates\",\"latitude\":\"25.7690857\",\"longitude\":\"-80.3380914\"},\"telephone\":[\"305-649-5060\",\"954-649-5060\"],\"openingHoursSpecification\":{\"@type\":\"OpeningHoursSpecification\",\"dayOfWeek\":[\"Monday\",\"Tuesday\",\"Wednesday\",\"Thursday\",\"Friday\",\"Saturday\",\"Sunday\"],\"opens\":\"00:00\",\"closes\":\"23:59\"},\"areaServed\":\"Miami, Hialeah, Homestead, Broward, Doral, Palm Beach\"},{\"@type\":\"PostalAddress\",\"@id\":\"https:\/\/josefrancisco-lawyers.com\/es\/abogados-de-accidentes-automovilisticos-en-doral-florida\/#local-main-place-address\",\"streetAddress\":\"8660 W. Flagler Street, Suite 100\",\"addressLocality\":\"Miami\",\"postalCode\":\"33144\",\"addressRegion\":\"Florida\",\"addressCountry\":\"US\"},{\"@type\":\"ImageObject\",\"inLanguage\":\"es\",\"@id\":\"https:\/\/josefrancisco-lawyers.com\/es\/abogados-de-accidentes-automovilisticos-en-doral-florida\/#local-main-organization-logo\",\"url\":\"https:\/\/josefrancisco-lawyers.com\/wp-content\/uploads\/2024\/11\/Jose-Francisco.jpg\",\"contentUrl\":\"https:\/\/josefrancisco-lawyers.com\/wp-content\/uploads\/2024\/11\/Jose-Francisco.jpg\",\"width\":500,\"height\":568,\"caption\":\"The Law Offices of Jose M. Francisco\"}]}<\/script>\n<meta name=\"geo.placename\" content=\"Miami\" \/>\n<meta name=\"geo.position\" content=\"25.7690857;-80.3380914\" \/>\n<meta name=\"geo.region\" content=\"Estados Unidos (EEUU)\" \/>\n<!-- \/ Yoast SEO Premium plugin. -->","yoast_head_json":{"title":"Abogados de Accidentes Automovil\u00edsticos en Doral, Florida | Jose M. Francisco","description":"Si ha resultado lesionado en un accidente automovil\u00edstico en Doral, Florida, las Oficinas Legales de Jos\u00e9 M. Francisco est\u00e1n aqu\u00ed para ayudarlo.","robots":{"index":"index","follow":"follow","max-snippet":"max-snippet:-1","max-image-preview":"max-image-preview:large","max-video-preview":"max-video-preview:-1"},"canonical":"https:\/\/josefrancisco-lawyers.com\/es\/abogados-de-accidentes-automovilisticos-en-doral-florida\/","og_locale":"es_ES","og_type":"article","og_title":"Abogados de Accidentes Automovil\u00edsticos en Doral, Florida","og_description":"Si ha resultado lesionado en un accidente automovil\u00edstico en Doral, Florida, las Oficinas Legales de Jos\u00e9 M. Francisco est\u00e1n aqu\u00ed para ayudarlo.","og_url":"https:\/\/josefrancisco-lawyers.com\/es\/abogados-de-accidentes-automovilisticos-en-doral-florida\/","og_site_name":"Jose M. Francisco","article_publisher":"https:\/\/www.facebook.com\/JoseFranciscoAttorney","article_modified_time":"2024-10-14T20:22:04+00:00","og_image":[{"width":500,"height":555,"url":"https:\/\/josefrancisco-lawyers.com\/wp-content\/uploads\/2023\/08\/jose-francisco.jpg","type":"image\/jpeg"}],"twitter_card":"summary_large_image","twitter_misc":{"Tiempo de lectura":"2 minutos"},"schema":{"@context":"https:\/\/schema.org","@graph":[{"@type":"WebPage","@id":"https:\/\/josefrancisco-lawyers.com\/es\/abogados-de-accidentes-automovilisticos-en-doral-florida\/","url":"https:\/\/josefrancisco-lawyers.com\/es\/abogados-de-accidentes-automovilisticos-en-doral-florida\/","name":"Abogados de Accidentes Automovil\u00edsticos en Doral, Florida | Jose M. Francisco","isPartOf":{"@id":"https:\/\/josefrancisco-lawyers.com\/es\/#website"},"primaryImageOfPage":{"@id":"https:\/\/josefrancisco-lawyers.com\/es\/abogados-de-accidentes-automovilisticos-en-doral-florida\/#primaryimage"},"image":{"@id":"https:\/\/josefrancisco-lawyers.com\/es\/abogados-de-accidentes-automovilisticos-en-doral-florida\/#primaryimage"},"thumbnailUrl":"https:\/\/josefrancisco-lawyers.com\/wp-content\/uploads\/2023\/08\/jose-francisco.jpg","datePublished":"2024-10-14T20:13:49+00:00","dateModified":"2024-10-14T20:22:04+00:00","description":"Si ha resultado lesionado en un accidente automovil\u00edstico en Doral, Florida, las Oficinas Legales de Jos\u00e9 M. Francisco est\u00e1n aqu\u00ed para ayudarlo.","breadcrumb":{"@id":"https:\/\/josefrancisco-lawyers.com\/es\/abogados-de-accidentes-automovilisticos-en-doral-florida\/#breadcrumb"},"inLanguage":"es","potentialAction":[{"@type":"ReadAction","target":["https:\/\/josefrancisco-lawyers.com\/es\/abogados-de-accidentes-automovilisticos-en-doral-florida\/"]}]},{"@type":"ImageObject","inLanguage":"es","@id":"https:\/\/josefrancisco-lawyers.com\/es\/abogados-de-accidentes-automovilisticos-en-doral-florida\/#primaryimage","url":"https:\/\/josefrancisco-lawyers.com\/wp-content\/uploads\/2023\/08\/jose-francisco.jpg","contentUrl":"https:\/\/josefrancisco-lawyers.com\/wp-content\/uploads\/2023\/08\/jose-francisco.jpg","width":500,"height":555,"caption":"Miami Personal Injury Attorney, Jose M. Francisco"},{"@type":"BreadcrumbList","@id":"https:\/\/josefrancisco-lawyers.com\/es\/abogados-de-accidentes-automovilisticos-en-doral-florida\/#breadcrumb","itemListElement":[{"@type":"ListItem","position":1,"name":"Home","item":"https:\/\/josefrancisco-lawyers.com\/es\/"},{"@type":"ListItem","position":2,"name":"Abogados de Accidentes Automovil\u00edsticos en Doral, Florida"}]},{"@type":"WebSite","@id":"https:\/\/josefrancisco-lawyers.com\/es\/#website","url":"https:\/\/josefrancisco-lawyers.com\/es\/","name":"Miami Personal Injury Lawyers | Jose M. Francisco","description":"","publisher":{"@id":"https:\/\/josefrancisco-lawyers.com\/es\/#organization"},"potentialAction":[{"@type":"SearchAction","target":{"@type":"EntryPoint","urlTemplate":"https:\/\/josefrancisco-lawyers.com\/es\/?s={search_term_string}"},"query-input":{"@type":"PropertyValueSpecification","valueRequired":true,"valueName":"search_term_string"}}],"inLanguage":"es"},{"@type":["Organization","Place"],"@id":"https:\/\/josefrancisco-lawyers.com\/es\/#organization","name":"The Law Offices of Jose M. Francisco","url":"https:\/\/josefrancisco-lawyers.com\/es\/","logo":{"@id":"https:\/\/josefrancisco-lawyers.com\/es\/abogados-de-accidentes-automovilisticos-en-doral-florida\/#local-main-organization-logo"},"image":{"@id":"https:\/\/josefrancisco-lawyers.com\/es\/abogados-de-accidentes-automovilisticos-en-doral-florida\/#local-main-organization-logo"},"sameAs":["https:\/\/www.facebook.com\/JoseFranciscoAttorney","https:\/\/www.youtube.com\/@lawofficesofjosefrancisco"],"description":"Accident attorneys serving Miami, Hialeah, Broward, and Palm Beach, Florida","legalName":"Law Offices of Jose M. Francisco","foundingDate":"1991-01-01","numberOfEmployees":{"@type":"QuantitativeValue","minValue":"1","maxValue":"10"},"address":{"@id":"https:\/\/josefrancisco-lawyers.com\/es\/abogados-de-accidentes-automovilisticos-en-doral-florida\/#local-main-place-address"},"geo":{"@type":"GeoCoordinates","latitude":"25.7690857","longitude":"-80.3380914"},"telephone":["305-649-5060","954-649-5060"],"openingHoursSpecification":{"@type":"OpeningHoursSpecification","dayOfWeek":["Monday","Tuesday","Wednesday","Thursday","Friday","Saturday","Sunday"],"opens":"00:00","closes":"23:59"},"areaServed":"Miami, Hialeah, Homestead, Broward, Doral, Palm Beach"},{"@type":"PostalAddress","@id":"https:\/\/josefrancisco-lawyers.com\/es\/abogados-de-accidentes-automovilisticos-en-doral-florida\/#local-main-place-address","streetAddress":"8660 W. Flagler Street, Suite 100","addressLocality":"Miami","postalCode":"33144","addressRegion":"Florida","addressCountry":"US"},{"@type":"ImageObject","inLanguage":"es","@id":"https:\/\/josefrancisco-lawyers.com\/es\/abogados-de-accidentes-automovilisticos-en-doral-florida\/#local-main-organization-logo","url":"https:\/\/josefrancisco-lawyers.com\/wp-content\/uploads\/2024\/11\/Jose-Francisco.jpg","contentUrl":"https:\/\/josefrancisco-lawyers.com\/wp-content\/uploads\/2024\/11\/Jose-Francisco.jpg","width":500,"height":568,"caption":"The Law Offices of Jose M. Francisco"}]},"geo.placename":"Miami","geo.position":{"lat":"25.7690857","long":"-80.3380914"},"geo.region":"Estados Unidos (EEUU)"},"_links":{"self":[{"href":"https:\/\/josefrancisco-lawyers.com\/es\/wp-json\/wp\/v2\/pages\/3005","targetHints":{"allow":["GET"]}}],"collection":[{"href":"https:\/\/josefrancisco-lawyers.com\/es\/wp-json\/wp\/v2\/pages"}],"about":[{"href":"https:\/\/josefrancisco-lawyers.com\/es\/wp-json\/wp\/v2\/types\/page"}],"author":[{"embeddable":true,"href":"https:\/\/josefrancisco-lawyers.com\/es\/wp-json\/wp\/v2\/users\/1"}],"replies":[{"embeddable":true,"href":"https:\/\/josefrancisco-lawyers.com\/es\/wp-json\/wp\/v2\/comments?post=3005"}],"version-history":[{"count":0,"href":"https:\/\/josefrancisco-lawyers.com\/es\/wp-json\/wp\/v2\/pages\/3005\/revisions"}],"wp:featuredmedia":[{"embeddable":true,"href":"https:\/\/josefrancisco-lawyers.com\/es\/wp-json\/wp\/v2\/media\/2603"}],"wp:attachment":[{"href":"https:\/\/josefrancisco-lawyers.com\/es\/wp-json\/wp\/v2\/media?parent=3005"}],"curies":[{"name":"wp","href":"https:\/\/api.w.org\/{rel}","templated":true}]}}